{"id":9098,"date":"2015-08-02T15:10:27","date_gmt":"2015-08-02T12:10:27","guid":{"rendered":"http:\/\/padastenew.local\/?page_id=9098"},"modified":"2018-02-28T15:20:06","modified_gmt":"2018-02-28T13:20:06","slug":"neljas-oo-meie-kulul-tingimused","status":"publish","type":"page","link":"https:\/\/padaste.ee\/et\/eripakkumised\/neljas-oo-tasuta\/neljas-oo-meie-kulul-tingimused\/","title":{"rendered":"Neljas \u00f6\u00f6 meie kulul &#8211; Tingimused"},"content":{"rendered":"<ul>\n<li>Pakkumine kehtib k\u00f5igile kategooriatele, v\u00e4lja arvatud standard Double toale. Hinna p\u00f5hjaks on meie Best Available Rate.<\/li>\n<li>Vajalik ettemaks; annulleerimise korral tellimuse maksumust ei tagastata. Broneeringu t\u00fchistamisel rakendub 100% annulleerimistasu tellimuse maksumusest.<\/li>\n<li>Tubade arv pakkumise raames on piiratud; v\u00f5ib esineda kuup\u00e4evi, kus pakkumine ei kehti.<\/li>\n<li>Pakkumine ei ole gruppidele ega kombineerimiseks teiste kehtivate eripakkumistega.<\/li>\n<\/ul>\n<p>&nbsp;<\/p>\n<p><strong><a href=\"http:\/\/padaste.ee\/et\/eripakkumised\/neljas-oo-tasuta\/\">Tagasi<\/a><\/strong><\/p>\n","protected":false},"excerpt":{"rendered":"<p>Pakkumine kehtib k\u00f5igile kategooriatele, v\u00e4lja arvatud standard Double toale. Hinna p\u00f5hjaks on meie Best Available Rate. Vajalik ettemaks; annulleerimise korral tellimuse maksumust ei tagastata. Broneeringu t\u00fchistamisel rakendub 100% annulleerimistasu tellimuse maksumusest. Tubade arv pakkumise raames on piiratud; v\u00f5ib esineda kuup\u00e4evi, kus pakkumine ei kehti. Pakkumine ei ole gruppidele ega kombineerimiseks teiste kehtivate eripakkumistega. &nbsp; Tagasi<\/p>\n","protected":false},"author":50,"featured_media":0,"parent":8977,"menu_order":0,"comment_status":"closed","ping_status":"closed","template":"","meta":{"ngg_post_thumbnail":0,"_links_to":"","_links_to_target":""},"yoast_head":"<!-- This site is optimized with the Yoast SEO plugin v16.1.1 - https:\/\/yoast.com\/wordpress\/plugins\/seo\/ -->\n<title>Neljas \u00f6\u00f6 meie kulul - Tingimused -<\/title>\n<link rel=\"canonical\" href=\"https:\/\/padaste.ee\/et\/eripakkumised\/neljas-oo-tasuta\/neljas-oo-meie-kulul-tingimused\/\" \/>\n<meta property=\"og:locale\" content=\"et_EE\" \/>\n<meta property=\"og:type\" content=\"article\" \/>\n<meta property=\"og:title\" content=\"Neljas \u00f6\u00f6 meie kulul - Tingimused -\" \/>\n<meta property=\"og:description\" content=\"Pakkumine kehtib k\u00f5igile kategooriatele, v\u00e4lja arvatud standard Double toale. Hinna p\u00f5hjaks on meie Best Available Rate. Vajalik ettemaks; annulleerimise korral tellimuse maksumust ei tagastata. Broneeringu t\u00fchistamisel rakendub 100% annulleerimistasu tellimuse maksumusest. Tubade arv pakkumise raames on piiratud; v\u00f5ib esineda kuup\u00e4evi, kus pakkumine ei kehti. Pakkumine ei ole gruppidele ega kombineerimiseks teiste kehtivate eripakkumistega. &nbsp; Tagasi\" \/>\n<meta property=\"og:url\" content=\"https:\/\/padaste.ee\/et\/eripakkumised\/neljas-oo-tasuta\/neljas-oo-meie-kulul-tingimused\/\" \/>\n<meta property=\"article:publisher\" content=\"https:\/\/www.facebook.com\/Padastemanor\/\" \/>\n<meta property=\"article:modified_time\" content=\"2018-02-28T13:20:06+00:00\" \/>\n<meta name=\"twitter:card\" content=\"summary_large_image\" \/>\n<script type=\"application\/ld+json\" class=\"yoast-schema-graph\">{\"@context\":\"https:\/\/schema.org\",\"@graph\":[{\"@type\":\"Organization\",\"@id\":\"https:\/\/padaste.ee\/#organization\",\"name\":\"P\\u00e4daste M\\u00f5is\",\"url\":\"https:\/\/padaste.ee\/\",\"sameAs\":[\"https:\/\/www.facebook.com\/Padastemanor\/\"],\"logo\":{\"@type\":\"ImageObject\",\"@id\":\"https:\/\/padaste.ee\/#logo\",\"inLanguage\":\"et\",\"url\":\"https:\/\/padaste.ee\/wp-content\/uploads\/2018\/12\/padaste_2011.jpg\",\"contentUrl\":\"https:\/\/padaste.ee\/wp-content\/uploads\/2018\/12\/padaste_2011.jpg\",\"width\":154,\"height\":61,\"caption\":\"P\\u00e4daste M\\u00f5is\"},\"image\":{\"@id\":\"https:\/\/padaste.ee\/#logo\"}},{\"@type\":\"WebSite\",\"@id\":\"https:\/\/padaste.ee\/#website\",\"url\":\"https:\/\/padaste.ee\/\",\"name\":\"\",\"description\":\"\",\"publisher\":{\"@id\":\"https:\/\/padaste.ee\/#organization\"},\"potentialAction\":[{\"@type\":\"SearchAction\",\"target\":\"https:\/\/padaste.ee\/?s={search_term_string}\",\"query-input\":\"required name=search_term_string\"}],\"inLanguage\":\"et\"},{\"@type\":\"WebPage\",\"@id\":\"https:\/\/padaste.ee\/et\/eripakkumised\/neljas-oo-tasuta\/neljas-oo-meie-kulul-tingimused\/#webpage\",\"url\":\"https:\/\/padaste.ee\/et\/eripakkumised\/neljas-oo-tasuta\/neljas-oo-meie-kulul-tingimused\/\",\"name\":\"Neljas \\u00f6\\u00f6 meie kulul - Tingimused -\",\"isPartOf\":{\"@id\":\"https:\/\/padaste.ee\/#website\"},\"datePublished\":\"2015-08-02T12:10:27+00:00\",\"dateModified\":\"2018-02-28T13:20:06+00:00\",\"breadcrumb\":{\"@id\":\"https:\/\/padaste.ee\/et\/eripakkumised\/neljas-oo-tasuta\/neljas-oo-meie-kulul-tingimused\/#breadcrumb\"},\"inLanguage\":\"et\",\"potentialAction\":[{\"@type\":\"ReadAction\",\"target\":[\"https:\/\/padaste.ee\/et\/eripakkumised\/neljas-oo-tasuta\/neljas-oo-meie-kulul-tingimused\/\"]}]},{\"@type\":\"BreadcrumbList\",\"@id\":\"https:\/\/padaste.ee\/et\/eripakkumised\/neljas-oo-tasuta\/neljas-oo-meie-kulul-tingimused\/#breadcrumb\",\"itemListElement\":[{\"@type\":\"ListItem\",\"position\":1,\"item\":{\"@type\":\"WebPage\",\"@id\":\"https:\/\/xn--pdaste-bua.eu\/et\/\",\"url\":\"https:\/\/xn--pdaste-bua.eu\/et\/\",\"name\":\"Home\"}},{\"@type\":\"ListItem\",\"position\":2,\"item\":{\"@type\":\"WebPage\",\"@id\":\"https:\/\/padaste.ee\/et\/eripakkumised\/\",\"url\":\"https:\/\/padaste.ee\/et\/eripakkumised\/\",\"name\":\"Eripakkumised\"}},{\"@type\":\"ListItem\",\"position\":3,\"item\":{\"@type\":\"WebPage\",\"@id\":\"https:\/\/padaste.ee\/et\/eripakkumised\/neljas-oo-tasuta\/\",\"url\":\"https:\/\/padaste.ee\/et\/eripakkumised\/neljas-oo-tasuta\/\",\"name\":\"Neljas \\u00f6\\u00f6 tasuta!\"}},{\"@type\":\"ListItem\",\"position\":4,\"item\":{\"@type\":\"WebPage\",\"@id\":\"https:\/\/padaste.ee\/et\/eripakkumised\/neljas-oo-tasuta\/neljas-oo-meie-kulul-tingimused\/\",\"url\":\"https:\/\/padaste.ee\/et\/eripakkumised\/neljas-oo-tasuta\/neljas-oo-meie-kulul-tingimused\/\",\"name\":\"Neljas \\u00f6\\u00f6 meie kulul &#8211; Tingimused\"}}]}]}<\/script>\n<!-- \/ Yoast SEO plugin. -->","_links":{"self":[{"href":"https:\/\/padaste.ee\/et\/wp-json\/wp\/v2\/pages\/9098"}],"collection":[{"href":"https:\/\/padaste.ee\/et\/wp-json\/wp\/v2\/pages"}],"about":[{"href":"https:\/\/padaste.ee\/et\/wp-json\/wp\/v2\/types\/page"}],"author":[{"embeddable":true,"href":"https:\/\/padaste.ee\/et\/wp-json\/wp\/v2\/users\/50"}],"replies":[{"embeddable":true,"href":"https:\/\/padaste.ee\/et\/wp-json\/wp\/v2\/comments?post=9098"}],"version-history":[{"count":2,"href":"https:\/\/padaste.ee\/et\/wp-json\/wp\/v2\/pages\/9098\/revisions"}],"predecessor-version":[{"id":12001,"href":"https:\/\/padaste.ee\/et\/wp-json\/wp\/v2\/pages\/9098\/revisions\/12001"}],"up":[{"embeddable":true,"href":"https:\/\/padaste.ee\/et\/wp-json\/wp\/v2\/pages\/8977"}],"wp:attachment":[{"href":"https:\/\/padaste.ee\/et\/wp-json\/wp\/v2\/media?parent=9098"}],"curies":[{"name":"wp","href":"https:\/\/api.w.org\/{rel}","templated":true}]}}