{"id":8948,"date":"2015-07-29T20:28:14","date_gmt":"2015-07-29T17:28:14","guid":{"rendered":"http:\/\/padastenew.local\/?page_id=8948"},"modified":"2025-10-03T13:49:43","modified_gmt":"2025-10-03T13:49:43","slug":"personaalne-spa-elamus","status":"publish","type":"page","link":"https:\/\/padaste.ee\/et\/spa\/spa-menuu\/personaalne-spa-elamus\/","title":{"rendered":"Personaalne SPA elamus"},"content":{"rendered":"<p><a href=\"http:\/\/www.padaste.ee\/wp-content\/uploads\/2018\/02\/5960496067.jpg\"><img loading=\"lazy\" class=\"alignright wp-image-11756 size-medium\" src=\"http:\/\/www.padaste.ee\/wp-content\/uploads\/2018\/02\/5960496067-200x300.jpg\" alt=\"\" width=\"200\" height=\"300\" srcset=\"https:\/\/padaste.ee\/wp-content\/uploads\/2018\/02\/5960496067-200x300.jpg 200w, https:\/\/padaste.ee\/wp-content\/uploads\/2018\/02\/5960496067-768x1152.jpg 768w, https:\/\/padaste.ee\/wp-content\/uploads\/2018\/02\/5960496067-683x1024.jpg 683w, https:\/\/padaste.ee\/wp-content\/uploads\/2018\/02\/5960496067-16x24.jpg 16w, https:\/\/padaste.ee\/wp-content\/uploads\/2018\/02\/5960496067-24x36.jpg 24w, https:\/\/padaste.ee\/wp-content\/uploads\/2018\/02\/5960496067-32x48.jpg 32w\" sizes=\"(max-width: 200px) 100vw, 200px\" \/><\/a><\/p>\n<p>Soovitame koostada p\u00e4evase spa \u2010paketi kombineerides Teile meelep\u00e4raseid \u00fcksikhoolduseid. Parima valiku tegemisel aitab meeleldi meie spa \u2010terapeut Teid meeleldi. Planeeri \u00fchep\u00e4evseks paketiks endale kolm meelep\u00e4rast \u00fcksikhoolitsust ja pakume neid 20% soodustusega!<span id=\"_marker\"> <\/span><\/p>\n<p>&nbsp;<\/p>\n<p><a href=\"http:\/\/padaste.ee\/wp-content\/uploads\/2025\/10\/padaste-spa-menuu-2025.pdf\" target=\"_blank\" rel=\"noopener noreferrer\">Tutvu SPA men\u00fc\u00fc valikutega<\/a><\/p>\n<p>&nbsp;<\/p>\n<p><a href=\"http:\/\/padaste.ee\/et\/spa\/spa-menuu\/\">Tagasi<\/a><\/p>\n","protected":false},"excerpt":{"rendered":"<p>Soovitame koostada p\u00e4evase spa \u2010paketi kombineerides Teile meelep\u00e4raseid \u00fcksikhoolduseid. Parima valiku tegemisel aitab meeleldi meie spa \u2010terapeut Teid meeleldi. Planeeri \u00fchep\u00e4evseks paketiks endale kolm meelep\u00e4rast \u00fcksikhoolitsust ja pakume neid 20% soodustusega! &nbsp; Tutvu SPA men\u00fc\u00fc valikutega &nbsp; Tagasi<\/p>\n","protected":false},"author":50,"featured_media":0,"parent":8655,"menu_order":0,"comment_status":"closed","ping_status":"closed","template":"","meta":{"ngg_post_thumbnail":0,"_links_to":"","_links_to_target":""},"yoast_head":"<!-- This site is optimized with the Yoast SEO plugin v16.1.1 - https:\/\/yoast.com\/wordpress\/plugins\/seo\/ -->\n<title>Personaalne SPA elamus -<\/title>\n<link rel=\"canonical\" href=\"https:\/\/www.xn--pdaste-bua.ee\/et\/spa\/spa-menuu\/personaalne-spa-elamus\/\" \/>\n<meta property=\"og:locale\" content=\"et_EE\" \/>\n<meta property=\"og:type\" content=\"article\" \/>\n<meta property=\"og:title\" content=\"Personaalne SPA elamus -\" \/>\n<meta property=\"og:description\" content=\"Soovitame koostada p\u00e4evase spa \u2010paketi kombineerides Teile meelep\u00e4raseid \u00fcksikhoolduseid. Parima valiku tegemisel aitab meeleldi meie spa \u2010terapeut Teid meeleldi. Planeeri \u00fchep\u00e4evseks paketiks endale kolm meelep\u00e4rast \u00fcksikhoolitsust ja pakume neid 20% soodustusega! &nbsp; Tutvu SPA men\u00fc\u00fc valikutega &nbsp; Tagasi\" \/>\n<meta property=\"og:url\" content=\"https:\/\/www.xn--pdaste-bua.ee\/et\/spa\/spa-menuu\/personaalne-spa-elamus\/\" \/>\n<meta property=\"article:publisher\" content=\"https:\/\/www.facebook.com\/Padastemanor\/\" \/>\n<meta property=\"article:modified_time\" content=\"2025-10-03T13:49:43+00:00\" \/>\n<meta property=\"og:image\" content=\"http:\/\/www.padaste.ee\/wp-content\/uploads\/2018\/02\/5960496067-200x300.jpg\" \/>\n<meta name=\"twitter:card\" content=\"summary_large_image\" \/>\n<meta name=\"twitter:label1\" content=\"Est. reading time\">\n\t<meta name=\"twitter:data1\" content=\"1 minut\">\n<script type=\"application\/ld+json\" class=\"yoast-schema-graph\">{\"@context\":\"https:\/\/schema.org\",\"@graph\":[{\"@type\":\"Organization\",\"@id\":\"https:\/\/padaste.ee\/#organization\",\"name\":\"P\\u00e4daste M\\u00f5is\",\"url\":\"https:\/\/padaste.ee\/\",\"sameAs\":[\"https:\/\/www.facebook.com\/Padastemanor\/\"],\"logo\":{\"@type\":\"ImageObject\",\"@id\":\"https:\/\/padaste.ee\/#logo\",\"inLanguage\":\"et\",\"url\":\"https:\/\/padaste.ee\/wp-content\/uploads\/2018\/12\/padaste_2011.jpg\",\"contentUrl\":\"https:\/\/padaste.ee\/wp-content\/uploads\/2018\/12\/padaste_2011.jpg\",\"width\":154,\"height\":61,\"caption\":\"P\\u00e4daste M\\u00f5is\"},\"image\":{\"@id\":\"https:\/\/padaste.ee\/#logo\"}},{\"@type\":\"WebSite\",\"@id\":\"https:\/\/padaste.ee\/#website\",\"url\":\"https:\/\/padaste.ee\/\",\"name\":\"\",\"description\":\"\",\"publisher\":{\"@id\":\"https:\/\/padaste.ee\/#organization\"},\"potentialAction\":[{\"@type\":\"SearchAction\",\"target\":\"https:\/\/padaste.ee\/?s={search_term_string}\",\"query-input\":\"required name=search_term_string\"}],\"inLanguage\":\"et\"},{\"@type\":\"ImageObject\",\"@id\":\"https:\/\/www.xn--pdaste-bua.ee\/et\/spa\/spa-menuu\/personaalne-spa-elamus\/#primaryimage\",\"inLanguage\":\"et\",\"url\":\"http:\/\/www.padaste.ee\/wp-content\/uploads\/2018\/02\/5960496067-200x300.jpg\",\"contentUrl\":\"http:\/\/www.padaste.ee\/wp-content\/uploads\/2018\/02\/5960496067-200x300.jpg\"},{\"@type\":\"WebPage\",\"@id\":\"https:\/\/www.xn--pdaste-bua.ee\/et\/spa\/spa-menuu\/personaalne-spa-elamus\/#webpage\",\"url\":\"https:\/\/www.xn--pdaste-bua.ee\/et\/spa\/spa-menuu\/personaalne-spa-elamus\/\",\"name\":\"Personaalne SPA elamus -\",\"isPartOf\":{\"@id\":\"https:\/\/padaste.ee\/#website\"},\"primaryImageOfPage\":{\"@id\":\"https:\/\/www.xn--pdaste-bua.ee\/et\/spa\/spa-menuu\/personaalne-spa-elamus\/#primaryimage\"},\"datePublished\":\"2015-07-29T17:28:14+00:00\",\"dateModified\":\"2025-10-03T13:49:43+00:00\",\"breadcrumb\":{\"@id\":\"https:\/\/www.xn--pdaste-bua.ee\/et\/spa\/spa-menuu\/personaalne-spa-elamus\/#breadcrumb\"},\"inLanguage\":\"et\",\"potentialAction\":[{\"@type\":\"ReadAction\",\"target\":[\"https:\/\/www.xn--pdaste-bua.ee\/et\/spa\/spa-menuu\/personaalne-spa-elamus\/\"]}]},{\"@type\":\"BreadcrumbList\",\"@id\":\"https:\/\/www.xn--pdaste-bua.ee\/et\/spa\/spa-menuu\/personaalne-spa-elamus\/#breadcrumb\",\"itemListElement\":[{\"@type\":\"ListItem\",\"position\":1,\"item\":{\"@type\":\"WebPage\",\"@id\":\"https:\/\/xn--pdaste-bua.eu\/et\/\",\"url\":\"https:\/\/xn--pdaste-bua.eu\/et\/\",\"name\":\"Home\"}},{\"@type\":\"ListItem\",\"position\":2,\"item\":{\"@type\":\"WebPage\",\"@id\":\"https:\/\/xn--pdaste-bua.eu\/et\/spa\/\",\"url\":\"https:\/\/xn--pdaste-bua.eu\/et\/spa\/\",\"name\":\"Spa &#8211; Kuue meele p\\u00fchamu\"}},{\"@type\":\"ListItem\",\"position\":3,\"item\":{\"@type\":\"WebPage\",\"@id\":\"https:\/\/www.xn--pdaste-bua.ee\/et\/spa\/spa-menuu\/\",\"url\":\"https:\/\/www.xn--pdaste-bua.ee\/et\/spa\/spa-menuu\/\",\"name\":\"P\\u00e4daste Spa &#8211; Kuue meele p\\u00fchamu\"}},{\"@type\":\"ListItem\",\"position\":4,\"item\":{\"@type\":\"WebPage\",\"@id\":\"https:\/\/www.xn--pdaste-bua.ee\/et\/spa\/spa-menuu\/personaalne-spa-elamus\/\",\"url\":\"https:\/\/www.xn--pdaste-bua.ee\/et\/spa\/spa-menuu\/personaalne-spa-elamus\/\",\"name\":\"Personaalne SPA elamus\"}}]}]}<\/script>\n<!-- \/ Yoast SEO plugin. -->","_links":{"self":[{"href":"https:\/\/padaste.ee\/et\/wp-json\/wp\/v2\/pages\/8948"}],"collection":[{"href":"https:\/\/padaste.ee\/et\/wp-json\/wp\/v2\/pages"}],"about":[{"href":"https:\/\/padaste.ee\/et\/wp-json\/wp\/v2\/types\/page"}],"author":[{"embeddable":true,"href":"https:\/\/padaste.ee\/et\/wp-json\/wp\/v2\/users\/50"}],"replies":[{"embeddable":true,"href":"https:\/\/padaste.ee\/et\/wp-json\/wp\/v2\/comments?post=8948"}],"version-history":[{"count":14,"href":"https:\/\/padaste.ee\/et\/wp-json\/wp\/v2\/pages\/8948\/revisions"}],"predecessor-version":[{"id":25331,"href":"https:\/\/padaste.ee\/et\/wp-json\/wp\/v2\/pages\/8948\/revisions\/25331"}],"up":[{"embeddable":true,"href":"https:\/\/padaste.ee\/et\/wp-json\/wp\/v2\/pages\/8655"}],"wp:attachment":[{"href":"https:\/\/padaste.ee\/et\/wp-json\/wp\/v2\/media?parent=8948"}],"curies":[{"name":"wp","href":"https:\/\/api.w.org\/{rel}","templated":true}]}}