{"id":8945,"date":"2015-07-29T20:21:18","date_gmt":"2015-07-29T17:21:18","guid":{"rendered":"http:\/\/padastenew.local\/?page_id=8945"},"modified":"2023-12-13T11:13:34","modified_gmt":"2023-12-13T11:13:34","slug":"spa-maja","status":"publish","type":"page","link":"https:\/\/padaste.ee\/et\/spa\/spa-menuu\/spa-maja\/","title":{"rendered":"Spa maja"},"content":{"rendered":"<p><a href=\"http:\/\/www.padaste.ee\/wp-content\/uploads\/2018\/02\/94974432.jpg\"><img loading=\"lazy\" class=\"alignright wp-image-11754 size-medium\" src=\"http:\/\/www.padaste.ee\/wp-content\/uploads\/2018\/02\/94974432-300x200.jpg\" alt=\"\" width=\"300\" height=\"200\" srcset=\"https:\/\/padaste.ee\/wp-content\/uploads\/2018\/02\/94974432-300x200.jpg 300w, https:\/\/padaste.ee\/wp-content\/uploads\/2018\/02\/94974432-768x512.jpg 768w, https:\/\/padaste.ee\/wp-content\/uploads\/2018\/02\/94974432-1024x683.jpg 1024w, https:\/\/padaste.ee\/wp-content\/uploads\/2018\/02\/94974432-24x16.jpg 24w, https:\/\/padaste.ee\/wp-content\/uploads\/2018\/02\/94974432-36x24.jpg 36w, https:\/\/padaste.ee\/wp-content\/uploads\/2018\/02\/94974432-48x32.jpg 48w\" sizes=\"(max-width: 300px) 100vw, 300px\" \/><\/a><\/p>\n<p>Endises m\u00f5isa meiereis asuv P\u00e4daste Spa on l\u00e4binud uuenduskuuri, et pakkuda suurep\u00e4rast spaateenust. L\u00f5\u00f5gastuge spaa \u00f5dusates ruumides, mis lausa kutsuvad puhkama.&nbsp;<\/p>\n<p>&nbsp;<\/p>\n<p>&nbsp;<\/p>\n<p>Saabudes tervitab teid hubases kaminasaalis meie spaaterapeut, kes vaatab teiega koos \u00fcle eesseisva spaaprogrammi v\u00f5i n\u00f5ustab meelsasti sobiliku paketi koostamisel ja valikul.&nbsp;<\/p>\n<p>&nbsp;<\/p>\n<p>&nbsp;<\/p>\n<p>P\u00e4daste Spa-s asuvad:<\/p>\n<ul>\n<li>Soolakristall-saun<\/li>\n<li>P\u00e4daste suitsusaun<\/li>\n<li>Tervendav kuumaveeallikas<\/li>\n<li>Traditsiooniline Muhu puuk\u00fcttega saun<\/li>\n<li>\u00dcrdi-aurusaun<\/li>\n<li>Iluhoolitsuste tuba<\/li>\n<li>Merevaatega spaaterrass tiigikaldal<\/li>\n<li>P\u00f5hjala k\u00fclmavee t\u00f5rs spaaterrassil<\/li>\n<li>Kuum merevee t\u00f5rs lahekaldal<\/li>\n<li>Kaks massaa\u017eituba, mis on varustatud mugavate Oakworksi massaa\u017eilaudadega<\/li>\n<li>Keham\u00e4histe ja -koorimiste tuba<\/li>\n<li>Vesivooditega l\u00f5\u00f5gastusruum kosutavaks hoolitsusej\u00e4rgseks uinakuks&nbsp;<\/li>\n<li>Mugav riietusruum, mis on varustatud P\u00e4daste hommikumantlite ja sussidega<\/li>\n<\/ul>\n<p>&nbsp;<\/p>\n<p>Soovime teid ka peale hoolitsust hellitada, pakkudes parimat teenindust ja valikut kohalikest taimeteedest. Suigutame teid unele pehmete patjade ning keha ja hinge soojendava kaminatulega\u2026<\/p>\n<p>&nbsp;<\/p>\n<p>P\u00e4daste Spa on avatud iga p\u00e4ev kell 09:30 kuni 19:00.<\/p>\n<p>Palume k\u00f5ik spaahoolitsused ette broneerida.<\/p>\n<p>Broneeringuteks palume teil \u00fchendust v\u00f5tta aadressil&nbsp;<a href=\"mailto:info@padaste.ee\">info@padaste.ee<\/a>&nbsp;v\u00f5i telefonil +372 45 48 800.<\/p>\n<p>&nbsp;<\/p>\n<p><a href=\"http:\/\/padaste.ee\/et\/spa\/spa-menuu\/\">Tagasi<\/a><\/p>\n","protected":false},"excerpt":{"rendered":"<p>Endises m\u00f5isa meiereis asuv P\u00e4daste Spa on l\u00e4binud uuenduskuuri, et pakkuda suurep\u00e4rast spaateenust. L\u00f5\u00f5gastuge spaa \u00f5dusates ruumides, mis lausa kutsuvad puhkama.&nbsp; &nbsp; &nbsp; Saabudes tervitab teid hubases kaminasaalis meie spaaterapeut, kes vaatab teiega koos \u00fcle eesseisva spaaprogrammi v\u00f5i n\u00f5ustab meelsasti sobiliku paketi koostamisel ja valikul.&nbsp; &nbsp; &nbsp; P\u00e4daste Spa-s asuvad: Soolakristall-saun P\u00e4daste suitsusaun Tervendav kuumaveeallikas [&hellip;]<\/p>\n","protected":false},"author":50,"featured_media":0,"parent":8655,"menu_order":0,"comment_status":"closed","ping_status":"closed","template":"","meta":{"ngg_post_thumbnail":0,"_links_to":"","_links_to_target":""},"yoast_head":"<!-- This site is optimized with the Yoast SEO plugin v16.1.1 - https:\/\/yoast.com\/wordpress\/plugins\/seo\/ -->\n<title>Spa maja -<\/title>\n<link rel=\"canonical\" href=\"https:\/\/www.padaste.ee\/et\/spa\/spa-menuu\/spa-maja\/\" \/>\n<meta property=\"og:locale\" content=\"et_EE\" \/>\n<meta property=\"og:type\" content=\"article\" \/>\n<meta property=\"og:title\" content=\"Spa maja -\" \/>\n<meta property=\"og:description\" content=\"Endises m\u00f5isa meiereis asuv P\u00e4daste Spa on l\u00e4binud uuenduskuuri, et pakkuda suurep\u00e4rast spaateenust. L\u00f5\u00f5gastuge spaa \u00f5dusates ruumides, mis lausa kutsuvad puhkama.&nbsp; &nbsp; &nbsp; Saabudes tervitab teid hubases kaminasaalis meie spaaterapeut, kes vaatab teiega koos \u00fcle eesseisva spaaprogrammi v\u00f5i n\u00f5ustab meelsasti sobiliku paketi koostamisel ja valikul.&nbsp; &nbsp; &nbsp; P\u00e4daste Spa-s asuvad: Soolakristall-saun P\u00e4daste suitsusaun Tervendav kuumaveeallikas [&hellip;]\" \/>\n<meta property=\"og:url\" content=\"https:\/\/www.padaste.ee\/et\/spa\/spa-menuu\/spa-maja\/\" \/>\n<meta property=\"article:publisher\" content=\"https:\/\/www.facebook.com\/Padastemanor\/\" \/>\n<meta property=\"article:modified_time\" content=\"2023-12-13T11:13:34+00:00\" \/>\n<meta property=\"og:image\" content=\"http:\/\/www.padaste.ee\/wp-content\/uploads\/2018\/02\/94974432-300x200.jpg\" \/>\n<meta name=\"twitter:card\" content=\"summary_large_image\" \/>\n<meta name=\"twitter:label1\" content=\"Est. reading time\">\n\t<meta name=\"twitter:data1\" content=\"1 minut\">\n<script type=\"application\/ld+json\" class=\"yoast-schema-graph\">{\"@context\":\"https:\/\/schema.org\",\"@graph\":[{\"@type\":\"Organization\",\"@id\":\"https:\/\/padaste.ee\/#organization\",\"name\":\"P\\u00e4daste M\\u00f5is\",\"url\":\"https:\/\/padaste.ee\/\",\"sameAs\":[\"https:\/\/www.facebook.com\/Padastemanor\/\"],\"logo\":{\"@type\":\"ImageObject\",\"@id\":\"https:\/\/padaste.ee\/#logo\",\"inLanguage\":\"et\",\"url\":\"https:\/\/padaste.ee\/wp-content\/uploads\/2018\/12\/padaste_2011.jpg\",\"contentUrl\":\"https:\/\/padaste.ee\/wp-content\/uploads\/2018\/12\/padaste_2011.jpg\",\"width\":154,\"height\":61,\"caption\":\"P\\u00e4daste M\\u00f5is\"},\"image\":{\"@id\":\"https:\/\/padaste.ee\/#logo\"}},{\"@type\":\"WebSite\",\"@id\":\"https:\/\/padaste.ee\/#website\",\"url\":\"https:\/\/padaste.ee\/\",\"name\":\"\",\"description\":\"\",\"publisher\":{\"@id\":\"https:\/\/padaste.ee\/#organization\"},\"potentialAction\":[{\"@type\":\"SearchAction\",\"target\":\"https:\/\/padaste.ee\/?s={search_term_string}\",\"query-input\":\"required name=search_term_string\"}],\"inLanguage\":\"et\"},{\"@type\":\"ImageObject\",\"@id\":\"https:\/\/www.padaste.ee\/et\/spa\/spa-menuu\/spa-maja\/#primaryimage\",\"inLanguage\":\"et\",\"url\":\"http:\/\/www.padaste.ee\/wp-content\/uploads\/2018\/02\/94974432-300x200.jpg\",\"contentUrl\":\"http:\/\/www.padaste.ee\/wp-content\/uploads\/2018\/02\/94974432-300x200.jpg\"},{\"@type\":\"WebPage\",\"@id\":\"https:\/\/www.padaste.ee\/et\/spa\/spa-menuu\/spa-maja\/#webpage\",\"url\":\"https:\/\/www.padaste.ee\/et\/spa\/spa-menuu\/spa-maja\/\",\"name\":\"Spa maja -\",\"isPartOf\":{\"@id\":\"https:\/\/padaste.ee\/#website\"},\"primaryImageOfPage\":{\"@id\":\"https:\/\/www.padaste.ee\/et\/spa\/spa-menuu\/spa-maja\/#primaryimage\"},\"datePublished\":\"2015-07-29T17:21:18+00:00\",\"dateModified\":\"2023-12-13T11:13:34+00:00\",\"breadcrumb\":{\"@id\":\"https:\/\/www.padaste.ee\/et\/spa\/spa-menuu\/spa-maja\/#breadcrumb\"},\"inLanguage\":\"et\",\"potentialAction\":[{\"@type\":\"ReadAction\",\"target\":[\"https:\/\/www.padaste.ee\/et\/spa\/spa-menuu\/spa-maja\/\"]}]},{\"@type\":\"BreadcrumbList\",\"@id\":\"https:\/\/www.padaste.ee\/et\/spa\/spa-menuu\/spa-maja\/#breadcrumb\",\"itemListElement\":[{\"@type\":\"ListItem\",\"position\":1,\"item\":{\"@type\":\"WebPage\",\"@id\":\"https:\/\/xn--pdaste-bua.eu\/et\/\",\"url\":\"https:\/\/xn--pdaste-bua.eu\/et\/\",\"name\":\"Home\"}},{\"@type\":\"ListItem\",\"position\":2,\"item\":{\"@type\":\"WebPage\",\"@id\":\"https:\/\/xn--pdaste-bua.eu\/et\/spa\/\",\"url\":\"https:\/\/xn--pdaste-bua.eu\/et\/spa\/\",\"name\":\"Spa &#8211; Kuue meele p\\u00fchamu\"}},{\"@type\":\"ListItem\",\"position\":3,\"item\":{\"@type\":\"WebPage\",\"@id\":\"https:\/\/www.xn--pdaste-bua.ee\/et\/spa\/spa-menuu\/\",\"url\":\"https:\/\/www.xn--pdaste-bua.ee\/et\/spa\/spa-menuu\/\",\"name\":\"P\\u00e4daste Spa &#8211; Kuue meele p\\u00fchamu\"}},{\"@type\":\"ListItem\",\"position\":4,\"item\":{\"@type\":\"WebPage\",\"@id\":\"https:\/\/www.padaste.ee\/et\/spa\/spa-menuu\/spa-maja\/\",\"url\":\"https:\/\/www.padaste.ee\/et\/spa\/spa-menuu\/spa-maja\/\",\"name\":\"Spa maja\"}}]}]}<\/script>\n<!-- \/ Yoast SEO plugin. -->","_links":{"self":[{"href":"https:\/\/padaste.ee\/et\/wp-json\/wp\/v2\/pages\/8945"}],"collection":[{"href":"https:\/\/padaste.ee\/et\/wp-json\/wp\/v2\/pages"}],"about":[{"href":"https:\/\/padaste.ee\/et\/wp-json\/wp\/v2\/types\/page"}],"author":[{"embeddable":true,"href":"https:\/\/padaste.ee\/et\/wp-json\/wp\/v2\/users\/50"}],"replies":[{"embeddable":true,"href":"https:\/\/padaste.ee\/et\/wp-json\/wp\/v2\/comments?post=8945"}],"version-history":[{"count":9,"href":"https:\/\/padaste.ee\/et\/wp-json\/wp\/v2\/pages\/8945\/revisions"}],"predecessor-version":[{"id":20940,"href":"https:\/\/padaste.ee\/et\/wp-json\/wp\/v2\/pages\/8945\/revisions\/20940"}],"up":[{"embeddable":true,"href":"https:\/\/padaste.ee\/et\/wp-json\/wp\/v2\/pages\/8655"}],"wp:attachment":[{"href":"https:\/\/padaste.ee\/et\/wp-json\/wp\/v2\/media?parent=8945"}],"curies":[{"name":"wp","href":"https:\/\/api.w.org\/{rel}","templated":true}]}}