{"id":8909,"date":"2015-07-29T17:08:35","date_gmt":"2015-07-29T14:08:35","guid":{"rendered":"http:\/\/padastenew.local\/?page_id=8909"},"modified":"2018-03-08T12:20:36","modified_gmt":"2018-03-08T10:20:36","slug":"autorent","status":"publish","type":"page","link":"https:\/\/padaste.ee\/et\/mois\/asukoht\/autorent\/","title":{"rendered":"Autorent"},"content":{"rendered":"<p>Reisimine m\u00f6\u00f6da Eesti ja Baltimaade maakohtasid on puhas r\u00f5\u00f5m!<br \/>\nTeed on hooldatud, ohutud ning lisaks k\u00f5igele pole liiklust peaaegu, et ollagi.<\/p>\n<p>&nbsp;<\/p>\n<p>K\u00f5ik suuremad autorendi firmad on esindatud nii Tallinna kui ka Riia lennujaamas, lubades rendiauto tagastamist m\u00f5lemas sihtkohas. See annab teile mugava v\u00f5imaluse lennata Kuressaarde, kust rentida auto koos v\u00f5imalusega tagastada see Tallinnas.\u00a0<\/p>\n<p>Ilmselt pole teil kohapeal autot vaja. Sellisel juhul soovitame teil tellida rendiauto P\u00e4daste M\u00f5isa ning avastada Muhu- v\u00f5i Saaremaad.\u00a0<\/p>\n<p>&nbsp;<\/p>\n<p><a class=\"back\" href=\"http:\/\/padaste.ee\/et\/mois\/asukoht\/\">Tagasi<\/a><\/p>\n","protected":false},"excerpt":{"rendered":"<p>Reisimine m\u00f6\u00f6da Eesti ja Baltimaade maakohtasid on puhas r\u00f5\u00f5m! Teed on hooldatud, ohutud ning lisaks k\u00f5igele pole liiklust peaaegu, et ollagi. &nbsp; K\u00f5ik suuremad autorendi firmad on esindatud nii Tallinna kui ka Riia lennujaamas, lubades rendiauto tagastamist m\u00f5lemas sihtkohas. See annab teile mugava v\u00f5imaluse lennata Kuressaarde, kust rentida auto koos v\u00f5imalusega tagastada see Tallinnas.\u00a0 Ilmselt [&hellip;]<\/p>\n","protected":false},"author":50,"featured_media":0,"parent":8633,"menu_order":1,"comment_status":"closed","ping_status":"closed","template":"","meta":{"ngg_post_thumbnail":0,"_links_to":"","_links_to_target":""},"yoast_head":"<!-- This site is optimized with the Yoast SEO plugin v16.1.1 - https:\/\/yoast.com\/wordpress\/plugins\/seo\/ -->\n<title>Autorent -<\/title>\n<link rel=\"canonical\" href=\"https:\/\/padaste.ee\/et\/mois\/asukoht\/autorent\/\" \/>\n<meta property=\"og:locale\" content=\"et_EE\" \/>\n<meta property=\"og:type\" content=\"article\" \/>\n<meta property=\"og:title\" content=\"Autorent -\" \/>\n<meta property=\"og:description\" content=\"Reisimine m\u00f6\u00f6da Eesti ja Baltimaade maakohtasid on puhas r\u00f5\u00f5m! Teed on hooldatud, ohutud ning lisaks k\u00f5igele pole liiklust peaaegu, et ollagi. &nbsp; K\u00f5ik suuremad autorendi firmad on esindatud nii Tallinna kui ka Riia lennujaamas, lubades rendiauto tagastamist m\u00f5lemas sihtkohas. See annab teile mugava v\u00f5imaluse lennata Kuressaarde, kust rentida auto koos v\u00f5imalusega tagastada see Tallinnas.\u00a0 Ilmselt [&hellip;]\" \/>\n<meta property=\"og:url\" content=\"https:\/\/padaste.ee\/et\/mois\/asukoht\/autorent\/\" \/>\n<meta property=\"article:publisher\" content=\"https:\/\/www.facebook.com\/Padastemanor\/\" \/>\n<meta property=\"article:modified_time\" content=\"2018-03-08T10:20:36+00:00\" \/>\n<meta name=\"twitter:card\" content=\"summary_large_image\" \/>\n<script type=\"application\/ld+json\" class=\"yoast-schema-graph\">{\"@context\":\"https:\/\/schema.org\",\"@graph\":[{\"@type\":\"Organization\",\"@id\":\"https:\/\/padaste.ee\/#organization\",\"name\":\"P\\u00e4daste M\\u00f5is\",\"url\":\"https:\/\/padaste.ee\/\",\"sameAs\":[\"https:\/\/www.facebook.com\/Padastemanor\/\"],\"logo\":{\"@type\":\"ImageObject\",\"@id\":\"https:\/\/padaste.ee\/#logo\",\"inLanguage\":\"et\",\"url\":\"https:\/\/padaste.ee\/wp-content\/uploads\/2018\/12\/padaste_2011.jpg\",\"contentUrl\":\"https:\/\/padaste.ee\/wp-content\/uploads\/2018\/12\/padaste_2011.jpg\",\"width\":154,\"height\":61,\"caption\":\"P\\u00e4daste M\\u00f5is\"},\"image\":{\"@id\":\"https:\/\/padaste.ee\/#logo\"}},{\"@type\":\"WebSite\",\"@id\":\"https:\/\/padaste.ee\/#website\",\"url\":\"https:\/\/padaste.ee\/\",\"name\":\"\",\"description\":\"\",\"publisher\":{\"@id\":\"https:\/\/padaste.ee\/#organization\"},\"potentialAction\":[{\"@type\":\"SearchAction\",\"target\":\"https:\/\/padaste.ee\/?s={search_term_string}\",\"query-input\":\"required name=search_term_string\"}],\"inLanguage\":\"et\"},{\"@type\":\"WebPage\",\"@id\":\"https:\/\/padaste.ee\/et\/mois\/asukoht\/autorent\/#webpage\",\"url\":\"https:\/\/padaste.ee\/et\/mois\/asukoht\/autorent\/\",\"name\":\"Autorent -\",\"isPartOf\":{\"@id\":\"https:\/\/padaste.ee\/#website\"},\"datePublished\":\"2015-07-29T14:08:35+00:00\",\"dateModified\":\"2018-03-08T10:20:36+00:00\",\"breadcrumb\":{\"@id\":\"https:\/\/padaste.ee\/et\/mois\/asukoht\/autorent\/#breadcrumb\"},\"inLanguage\":\"et\",\"potentialAction\":[{\"@type\":\"ReadAction\",\"target\":[\"https:\/\/padaste.ee\/et\/mois\/asukoht\/autorent\/\"]}]},{\"@type\":\"BreadcrumbList\",\"@id\":\"https:\/\/padaste.ee\/et\/mois\/asukoht\/autorent\/#breadcrumb\",\"itemListElement\":[{\"@type\":\"ListItem\",\"position\":1,\"item\":{\"@type\":\"WebPage\",\"@id\":\"https:\/\/xn--pdaste-bua.eu\/et\/\",\"url\":\"https:\/\/xn--pdaste-bua.eu\/et\/\",\"name\":\"Home\"}},{\"@type\":\"ListItem\",\"position\":2,\"item\":{\"@type\":\"WebPage\",\"@id\":\"https:\/\/xn--pdaste-bua.eu\/et\/mois\/\",\"url\":\"https:\/\/xn--pdaste-bua.eu\/et\/mois\/\",\"name\":\"M\\u00f5is\"}},{\"@type\":\"ListItem\",\"position\":3,\"item\":{\"@type\":\"WebPage\",\"@id\":\"https:\/\/padaste.ee\/et\/mois\/asukoht\/\",\"url\":\"https:\/\/padaste.ee\/et\/mois\/asukoht\/\",\"name\":\"Asukoht\"}},{\"@type\":\"ListItem\",\"position\":4,\"item\":{\"@type\":\"WebPage\",\"@id\":\"https:\/\/padaste.ee\/et\/mois\/asukoht\/autorent\/\",\"url\":\"https:\/\/padaste.ee\/et\/mois\/asukoht\/autorent\/\",\"name\":\"Autorent\"}}]}]}<\/script>\n<!-- \/ Yoast SEO plugin. -->","_links":{"self":[{"href":"https:\/\/padaste.ee\/et\/wp-json\/wp\/v2\/pages\/8909"}],"collection":[{"href":"https:\/\/padaste.ee\/et\/wp-json\/wp\/v2\/pages"}],"about":[{"href":"https:\/\/padaste.ee\/et\/wp-json\/wp\/v2\/types\/page"}],"author":[{"embeddable":true,"href":"https:\/\/padaste.ee\/et\/wp-json\/wp\/v2\/users\/50"}],"replies":[{"embeddable":true,"href":"https:\/\/padaste.ee\/et\/wp-json\/wp\/v2\/comments?post=8909"}],"version-history":[{"count":2,"href":"https:\/\/padaste.ee\/et\/wp-json\/wp\/v2\/pages\/8909\/revisions"}],"predecessor-version":[{"id":12058,"href":"https:\/\/padaste.ee\/et\/wp-json\/wp\/v2\/pages\/8909\/revisions\/12058"}],"up":[{"embeddable":true,"href":"https:\/\/padaste.ee\/et\/wp-json\/wp\/v2\/pages\/8633"}],"wp:attachment":[{"href":"https:\/\/padaste.ee\/et\/wp-json\/wp\/v2\/media?parent=8909"}],"curies":[{"name":"wp","href":"https:\/\/api.w.org\/{rel}","templated":true}]}}