{"id":8670,"date":"2018-01-02T11:32:28","date_gmt":"2018-01-02T11:32:28","guid":{"rendered":"http:\/\/padastenew.local\/?page_id=8670"},"modified":"2025-10-03T13:33:40","modified_gmt":"2025-10-03T13:33:40","slug":"broneerimine-spa","status":"publish","type":"page","link":"https:\/\/padaste.ee\/et\/spa\/broneerimine-spa\/","title":{"rendered":"Spa broneerimine"},"content":{"rendered":"<p>Spa-broneeringuteks palume Teil meiega \u00fchendust v\u00f5tta aadressil <a href=\"mailto:info@padaste.ee\">info@padaste.ee<\/a> v\u00f5i telefonil 45 48 800.<\/p>\n<p><span style=\"font-size: 24px;\"><a href=\"http:\/\/padaste.ee\/wp-content\/uploads\/2025\/10\/padaste-spa-menuu-2025.pdf\" target=\"_blank\" rel=\"noopener noreferrer\">SPA men\u00fc\u00fc-hinnakiri<\/a><\/span><\/p>\n<p>Soovitame spa-hoolitsused ette broneerida.<\/p>\n","protected":false},"excerpt":{"rendered":"<p>Spa-broneeringuteks palume Teil meiega \u00fchendust v\u00f5tta aadressil info@padaste.ee v\u00f5i telefonil 45 48 800. SPA men\u00fc\u00fc-hinnakiri Soovitame spa-hoolitsused ette broneerida.<\/p>\n","protected":false},"author":50,"featured_media":8669,"parent":8578,"menu_order":7,"comment_status":"closed","ping_status":"closed","template":"","meta":{"ngg_post_thumbnail":0,"_links_to":"","_links_to_target":""},"yoast_head":"<!-- This site is optimized with the Yoast SEO plugin v16.1.1 - https:\/\/yoast.com\/wordpress\/plugins\/seo\/ -->\n<title>Spa broneerimine -<\/title>\n<link rel=\"canonical\" href=\"https:\/\/padaste.ee\/et\/spa\/broneerimine-spa\/\" \/>\n<meta property=\"og:locale\" content=\"et_EE\" \/>\n<meta property=\"og:type\" content=\"article\" \/>\n<meta property=\"og:title\" content=\"Spa broneerimine -\" \/>\n<meta property=\"og:description\" content=\"Spa-broneeringuteks palume Teil meiega \u00fchendust v\u00f5tta aadressil info@padaste.ee v\u00f5i telefonil 45 48 800. SPA men\u00fc\u00fc-hinnakiri Soovitame spa-hoolitsused ette broneerida.\" \/>\n<meta property=\"og:url\" content=\"https:\/\/padaste.ee\/et\/spa\/broneerimine-spa\/\" \/>\n<meta property=\"article:publisher\" content=\"https:\/\/www.facebook.com\/Padastemanor\/\" \/>\n<meta property=\"article:modified_time\" content=\"2025-10-03T13:33:40+00:00\" \/>\n<meta property=\"og:image\" content=\"https:\/\/padaste.ee\/wp-content\/uploads\/2015\/07\/5961006571-683x1024.jpg\" \/>\n\t<meta property=\"og:image:width\" content=\"683\" \/>\n\t<meta property=\"og:image:height\" content=\"1024\" \/>\n<meta name=\"twitter:card\" content=\"summary_large_image\" \/>\n<meta name=\"twitter:label1\" content=\"Est. reading time\">\n\t<meta name=\"twitter:data1\" content=\"1 minut\">\n<script type=\"application\/ld+json\" class=\"yoast-schema-graph\">{\"@context\":\"https:\/\/schema.org\",\"@graph\":[{\"@type\":\"Organization\",\"@id\":\"https:\/\/padaste.ee\/#organization\",\"name\":\"P\\u00e4daste M\\u00f5is\",\"url\":\"https:\/\/padaste.ee\/\",\"sameAs\":[\"https:\/\/www.facebook.com\/Padastemanor\/\"],\"logo\":{\"@type\":\"ImageObject\",\"@id\":\"https:\/\/padaste.ee\/#logo\",\"inLanguage\":\"et\",\"url\":\"https:\/\/padaste.ee\/wp-content\/uploads\/2018\/12\/padaste_2011.jpg\",\"contentUrl\":\"https:\/\/padaste.ee\/wp-content\/uploads\/2018\/12\/padaste_2011.jpg\",\"width\":154,\"height\":61,\"caption\":\"P\\u00e4daste M\\u00f5is\"},\"image\":{\"@id\":\"https:\/\/padaste.ee\/#logo\"}},{\"@type\":\"WebSite\",\"@id\":\"https:\/\/padaste.ee\/#website\",\"url\":\"https:\/\/padaste.ee\/\",\"name\":\"\",\"description\":\"\",\"publisher\":{\"@id\":\"https:\/\/padaste.ee\/#organization\"},\"potentialAction\":[{\"@type\":\"SearchAction\",\"target\":\"https:\/\/padaste.ee\/?s={search_term_string}\",\"query-input\":\"required name=search_term_string\"}],\"inLanguage\":\"et\"},{\"@type\":\"ImageObject\",\"@id\":\"https:\/\/padaste.ee\/et\/spa\/broneerimine-spa\/#primaryimage\",\"inLanguage\":\"et\",\"url\":\"https:\/\/padaste.ee\/wp-content\/uploads\/2015\/07\/5961006571.jpg\",\"contentUrl\":\"https:\/\/padaste.ee\/wp-content\/uploads\/2015\/07\/5961006571.jpg\",\"width\":2533,\"height\":3800},{\"@type\":\"WebPage\",\"@id\":\"https:\/\/padaste.ee\/et\/spa\/broneerimine-spa\/#webpage\",\"url\":\"https:\/\/padaste.ee\/et\/spa\/broneerimine-spa\/\",\"name\":\"Spa broneerimine -\",\"isPartOf\":{\"@id\":\"https:\/\/padaste.ee\/#website\"},\"primaryImageOfPage\":{\"@id\":\"https:\/\/padaste.ee\/et\/spa\/broneerimine-spa\/#primaryimage\"},\"datePublished\":\"2018-01-02T11:32:28+00:00\",\"dateModified\":\"2025-10-03T13:33:40+00:00\",\"breadcrumb\":{\"@id\":\"https:\/\/padaste.ee\/et\/spa\/broneerimine-spa\/#breadcrumb\"},\"inLanguage\":\"et\",\"potentialAction\":[{\"@type\":\"ReadAction\",\"target\":[\"https:\/\/padaste.ee\/et\/spa\/broneerimine-spa\/\"]}]},{\"@type\":\"BreadcrumbList\",\"@id\":\"https:\/\/padaste.ee\/et\/spa\/broneerimine-spa\/#breadcrumb\",\"itemListElement\":[{\"@type\":\"ListItem\",\"position\":1,\"item\":{\"@type\":\"WebPage\",\"@id\":\"https:\/\/xn--pdaste-bua.eu\/et\/\",\"url\":\"https:\/\/xn--pdaste-bua.eu\/et\/\",\"name\":\"Home\"}},{\"@type\":\"ListItem\",\"position\":2,\"item\":{\"@type\":\"WebPage\",\"@id\":\"https:\/\/xn--pdaste-bua.eu\/et\/spa\/\",\"url\":\"https:\/\/xn--pdaste-bua.eu\/et\/spa\/\",\"name\":\"Spa &#8211; Kuue meele p\\u00fchamu\"}},{\"@type\":\"ListItem\",\"position\":3,\"item\":{\"@type\":\"WebPage\",\"@id\":\"https:\/\/padaste.ee\/et\/spa\/broneerimine-spa\/\",\"url\":\"https:\/\/padaste.ee\/et\/spa\/broneerimine-spa\/\",\"name\":\"Spa broneerimine\"}}]}]}<\/script>\n<!-- \/ Yoast SEO plugin. -->","_links":{"self":[{"href":"https:\/\/padaste.ee\/et\/wp-json\/wp\/v2\/pages\/8670"}],"collection":[{"href":"https:\/\/padaste.ee\/et\/wp-json\/wp\/v2\/pages"}],"about":[{"href":"https:\/\/padaste.ee\/et\/wp-json\/wp\/v2\/types\/page"}],"author":[{"embeddable":true,"href":"https:\/\/padaste.ee\/et\/wp-json\/wp\/v2\/users\/50"}],"replies":[{"embeddable":true,"href":"https:\/\/padaste.ee\/et\/wp-json\/wp\/v2\/comments?post=8670"}],"version-history":[{"count":6,"href":"https:\/\/padaste.ee\/et\/wp-json\/wp\/v2\/pages\/8670\/revisions"}],"predecessor-version":[{"id":25327,"href":"https:\/\/padaste.ee\/et\/wp-json\/wp\/v2\/pages\/8670\/revisions\/25327"}],"up":[{"embeddable":true,"href":"https:\/\/padaste.ee\/et\/wp-json\/wp\/v2\/pages\/8578"}],"wp:featuredmedia":[{"embeddable":true,"href":"https:\/\/padaste.ee\/et\/wp-json\/wp\/v2\/media\/8669"}],"wp:attachment":[{"href":"https:\/\/padaste.ee\/et\/wp-json\/wp\/v2\/media?parent=8670"}],"curies":[{"name":"wp","href":"https:\/\/api.w.org\/{rel}","templated":true}]}}