{"id":8661,"date":"2018-01-07T11:24:15","date_gmt":"2018-01-07T11:24:15","guid":{"rendered":"http:\/\/padastenew.local\/?page_id=8661"},"modified":"2024-08-06T19:29:14","modified_gmt":"2024-08-06T19:29:14","slug":"aurusaun","status":"publish","type":"page","link":"https:\/\/padaste.ee\/et\/spa\/aurusaun\/","title":{"rendered":"\u00dcrdi-aurusaun"},"content":{"rendered":"<p style=\"text-align: left;\">&nbsp;<\/p>\n<h2><span style=\"color: #ff0000;\">Rahustav ja puhastav kogemus 40<\/span><span style=\"color: #ff0000;\">\u00b0C<\/span><\/h2>\n<p>&nbsp;<\/p>\n<p>P\u00e4daste privaatne \u00fcrdi-aurusaun pakub on ideaalne iseseisvaks nautimiseks v\u00f5i ettevalmistusena kehahoolduseks.<\/p>\n<p>Pakume valikut puhtaid looduslikke aroomi\u00f5lisid v\u00f5i v\u00e4rskeid \u00fcrte, et luua rahustav, l\u00f5\u00f5gastav ja virgutav elamus. Nautige meie privaatset \u00fcrdi-aurusauna individuaalselt v\u00f5i ka l\u00f5\u00f5gastava ettevalmistusena enne kehahooldust, &nbsp;P\u00e4daste suitsusauna v\u00f5i Muhu puuk\u00fcttega sauna. Teil on v\u00f5imalus valida erinevate puhaste looduslike \u00fcrtide v\u00f5i aromaatsete eeterlike \u00f5lide vahel.<\/p>\n<p>&nbsp;<\/p>\n<p><strong>\u00dcrdiauru saun on tuntud oma arvukate positiivsete m\u00f5jude poolest:<\/strong><\/p>\n<ul>\n<li>L\u00f5\u00f5gastumine ja stressi v\u00e4hendamine: Aur ja \u00fcrdid aitavad leevendada pingeid ja stressi, pakkudes s\u00fcgavat l\u00f5dvestust.<\/li>\n<li>Hingamisteede tervis: Aur koos eeterlike \u00f5lidega, nagu eukal\u00fcpt, aitab avada hingamisteid ja leevendada ninakinnisust.<\/li>\n<li>Detoksifikatsioon: Higistamine auru saunas aitab v\u00e4ljutada toksiine, puhastades nahka ja keha.<\/li>\n<li>Paranenud vereringe: Kuumus ja aur stimuleerivad vereringet, parandades toitainete ja hapniku voolu kogu kehas.<\/li>\n<li>Naha tervis: Auruga avanevad poorid ja looduslikud \u00fcrdid puhastavad nahka, j\u00e4ttes selle v\u00e4rskeks ja s\u00e4ravaks.<\/li>\n<\/ul>\n<p>&nbsp;<\/p>\n<p>Valik aromaatseid eeterlikke \u00f5lisid v\u00f5i aroomivihte aurusauna juurde: Piparm\u00fcnt, Kask (viht), Lavendel, Eukal\u00fcpt, Kadakas, Sidrunhein. &nbsp;<\/p>\n<p>&nbsp;<\/p>\n<p>Enne ja p\u00e4rast sauna karastage end <a href=\"https:\/\/padaste.ee\/et\/spa\/siberi-kulmavee-tors\/\">P\u00f5hjala k\u00fclmaveet\u00f5rres<\/a>, mis asub kaunil spaaterrassil. &nbsp;Aurusaun on ainult teile privaatseks kasutamiseks. K\u00fclmaveet\u00f5rre ja spa terrassi ning lamamistoolide kasutus on jagatud teiste SPA k\u00fclalistega.\n<\/p>\n<p>&nbsp;<\/p>\n<p> Kasutage v\u00f5imalust l\u00f5\u00f5gastuda ja v\u00e4rskendada end t\u00e4ielikult meie erakordses naturaalses spaakeskkonnas.<\/p>\n<p>&nbsp;<\/p>\n<p>Kogege P\u00e4daste \u00fcrdiauru sauna v\u00f5lusid \u2013 sest te v\u00e4\u00e4rite parimat l\u00f5\u00f5gastust ja heaolu.<\/p>\n<p style=\"text-align: left;\"><img loading=\"lazy\" class=\"wp-image-5673 alignleft\" src=\"http:\/\/padaste.ee\/wp-content\/uploads\/2012\/06\/3072917368_4b39ded0a4_z.jpg\" alt=\"3072917368_4b39ded0a4_z\" width=\"1184\" height=\"790\" srcset=\"https:\/\/padaste.ee\/wp-content\/uploads\/2012\/06\/3072917368_4b39ded0a4_z.jpg 640w, https:\/\/padaste.ee\/wp-content\/uploads\/2012\/06\/3072917368_4b39ded0a4_z-300x200.jpg 300w, https:\/\/padaste.ee\/wp-content\/uploads\/2012\/06\/3072917368_4b39ded0a4_z-24x16.jpg 24w, https:\/\/padaste.ee\/wp-content\/uploads\/2012\/06\/3072917368_4b39ded0a4_z-36x24.jpg 36w, https:\/\/padaste.ee\/wp-content\/uploads\/2012\/06\/3072917368_4b39ded0a4_z-48x32.jpg 48w\" sizes=\"(max-width: 1184px) 100vw, 1184px\" \/><\/p>\n<p>&nbsp;<\/p>\n","protected":false},"excerpt":{"rendered":"<p>&nbsp; Rahustav ja puhastav kogemus 40\u00b0C &nbsp; P\u00e4daste privaatne \u00fcrdi-aurusaun pakub on ideaalne iseseisvaks nautimiseks v\u00f5i ettevalmistusena kehahoolduseks. Pakume valikut puhtaid looduslikke aroomi\u00f5lisid v\u00f5i v\u00e4rskeid \u00fcrte, et luua rahustav, l\u00f5\u00f5gastav ja virgutav elamus. Nautige meie privaatset \u00fcrdi-aurusauna individuaalselt v\u00f5i ka l\u00f5\u00f5gastava ettevalmistusena enne kehahooldust, &nbsp;P\u00e4daste suitsusauna v\u00f5i Muhu puuk\u00fcttega sauna. Teil on v\u00f5imalus valida erinevate [&hellip;]<\/p>\n","protected":false},"author":50,"featured_media":5673,"parent":8578,"menu_order":3,"comment_status":"closed","ping_status":"closed","template":"","meta":{"ngg_post_thumbnail":0,"_links_to":"","_links_to_target":""},"yoast_head":"<!-- This site is optimized with the Yoast SEO plugin v16.1.1 - https:\/\/yoast.com\/wordpress\/plugins\/seo\/ -->\n<title>\u00dcrdi-aurusaun -<\/title>\n<link rel=\"canonical\" href=\"https:\/\/padaste.ee\/et\/spa\/aurusaun\/\" \/>\n<meta property=\"og:locale\" content=\"et_EE\" \/>\n<meta property=\"og:type\" content=\"article\" \/>\n<meta property=\"og:title\" content=\"\u00dcrdi-aurusaun -\" \/>\n<meta property=\"og:description\" content=\"&nbsp; Rahustav ja puhastav kogemus 40\u00b0C &nbsp; P\u00e4daste privaatne \u00fcrdi-aurusaun pakub on ideaalne iseseisvaks nautimiseks v\u00f5i ettevalmistusena kehahoolduseks. Pakume valikut puhtaid looduslikke aroomi\u00f5lisid v\u00f5i v\u00e4rskeid \u00fcrte, et luua rahustav, l\u00f5\u00f5gastav ja virgutav elamus. Nautige meie privaatset \u00fcrdi-aurusauna individuaalselt v\u00f5i ka l\u00f5\u00f5gastava ettevalmistusena enne kehahooldust, &nbsp;P\u00e4daste suitsusauna v\u00f5i Muhu puuk\u00fcttega sauna. Teil on v\u00f5imalus valida erinevate [&hellip;]\" \/>\n<meta property=\"og:url\" content=\"https:\/\/padaste.ee\/et\/spa\/aurusaun\/\" \/>\n<meta property=\"article:publisher\" content=\"https:\/\/www.facebook.com\/Padastemanor\/\" \/>\n<meta property=\"article:modified_time\" content=\"2024-08-06T19:29:14+00:00\" \/>\n<meta property=\"og:image\" content=\"https:\/\/padaste.ee\/wp-content\/uploads\/2012\/06\/3072917368_4b39ded0a4_z.jpg\" \/>\n\t<meta property=\"og:image:width\" content=\"640\" \/>\n\t<meta property=\"og:image:height\" content=\"427\" \/>\n<meta name=\"twitter:card\" content=\"summary_large_image\" \/>\n<meta name=\"twitter:label1\" content=\"Est. reading time\">\n\t<meta name=\"twitter:data1\" content=\"2 minutit\">\n<script type=\"application\/ld+json\" class=\"yoast-schema-graph\">{\"@context\":\"https:\/\/schema.org\",\"@graph\":[{\"@type\":\"Organization\",\"@id\":\"https:\/\/padaste.ee\/#organization\",\"name\":\"P\\u00e4daste M\\u00f5is\",\"url\":\"https:\/\/padaste.ee\/\",\"sameAs\":[\"https:\/\/www.facebook.com\/Padastemanor\/\"],\"logo\":{\"@type\":\"ImageObject\",\"@id\":\"https:\/\/padaste.ee\/#logo\",\"inLanguage\":\"et\",\"url\":\"https:\/\/padaste.ee\/wp-content\/uploads\/2018\/12\/padaste_2011.jpg\",\"contentUrl\":\"https:\/\/padaste.ee\/wp-content\/uploads\/2018\/12\/padaste_2011.jpg\",\"width\":154,\"height\":61,\"caption\":\"P\\u00e4daste M\\u00f5is\"},\"image\":{\"@id\":\"https:\/\/padaste.ee\/#logo\"}},{\"@type\":\"WebSite\",\"@id\":\"https:\/\/padaste.ee\/#website\",\"url\":\"https:\/\/padaste.ee\/\",\"name\":\"\",\"description\":\"\",\"publisher\":{\"@id\":\"https:\/\/padaste.ee\/#organization\"},\"potentialAction\":[{\"@type\":\"SearchAction\",\"target\":\"https:\/\/padaste.ee\/?s={search_term_string}\",\"query-input\":\"required name=search_term_string\"}],\"inLanguage\":\"et\"},{\"@type\":\"ImageObject\",\"@id\":\"https:\/\/padaste.ee\/et\/spa\/aurusaun\/#primaryimage\",\"inLanguage\":\"et\",\"url\":\"https:\/\/padaste.ee\/wp-content\/uploads\/2012\/06\/3072917368_4b39ded0a4_z.jpg\",\"contentUrl\":\"https:\/\/padaste.ee\/wp-content\/uploads\/2012\/06\/3072917368_4b39ded0a4_z.jpg\",\"width\":640,\"height\":427},{\"@type\":\"WebPage\",\"@id\":\"https:\/\/padaste.ee\/et\/spa\/aurusaun\/#webpage\",\"url\":\"https:\/\/padaste.ee\/et\/spa\/aurusaun\/\",\"name\":\"\\u00dcrdi-aurusaun -\",\"isPartOf\":{\"@id\":\"https:\/\/padaste.ee\/#website\"},\"primaryImageOfPage\":{\"@id\":\"https:\/\/padaste.ee\/et\/spa\/aurusaun\/#primaryimage\"},\"datePublished\":\"2018-01-07T11:24:15+00:00\",\"dateModified\":\"2024-08-06T19:29:14+00:00\",\"breadcrumb\":{\"@id\":\"https:\/\/padaste.ee\/et\/spa\/aurusaun\/#breadcrumb\"},\"inLanguage\":\"et\",\"potentialAction\":[{\"@type\":\"ReadAction\",\"target\":[\"https:\/\/padaste.ee\/et\/spa\/aurusaun\/\"]}]},{\"@type\":\"BreadcrumbList\",\"@id\":\"https:\/\/padaste.ee\/et\/spa\/aurusaun\/#breadcrumb\",\"itemListElement\":[{\"@type\":\"ListItem\",\"position\":1,\"item\":{\"@type\":\"WebPage\",\"@id\":\"https:\/\/xn--pdaste-bua.eu\/et\/\",\"url\":\"https:\/\/xn--pdaste-bua.eu\/et\/\",\"name\":\"Home\"}},{\"@type\":\"ListItem\",\"position\":2,\"item\":{\"@type\":\"WebPage\",\"@id\":\"https:\/\/xn--pdaste-bua.eu\/et\/spa\/\",\"url\":\"https:\/\/xn--pdaste-bua.eu\/et\/spa\/\",\"name\":\"Spa &#8211; Kuue meele p\\u00fchamu\"}},{\"@type\":\"ListItem\",\"position\":3,\"item\":{\"@type\":\"WebPage\",\"@id\":\"https:\/\/padaste.ee\/et\/spa\/aurusaun\/\",\"url\":\"https:\/\/padaste.ee\/et\/spa\/aurusaun\/\",\"name\":\"\\u00dcrdi-aurusaun\"}}]}]}<\/script>\n<!-- \/ Yoast SEO plugin. -->","_links":{"self":[{"href":"https:\/\/padaste.ee\/et\/wp-json\/wp\/v2\/pages\/8661"}],"collection":[{"href":"https:\/\/padaste.ee\/et\/wp-json\/wp\/v2\/pages"}],"about":[{"href":"https:\/\/padaste.ee\/et\/wp-json\/wp\/v2\/types\/page"}],"author":[{"embeddable":true,"href":"https:\/\/padaste.ee\/et\/wp-json\/wp\/v2\/users\/50"}],"replies":[{"embeddable":true,"href":"https:\/\/padaste.ee\/et\/wp-json\/wp\/v2\/comments?post=8661"}],"version-history":[{"count":17,"href":"https:\/\/padaste.ee\/et\/wp-json\/wp\/v2\/pages\/8661\/revisions"}],"predecessor-version":[{"id":22152,"href":"https:\/\/padaste.ee\/et\/wp-json\/wp\/v2\/pages\/8661\/revisions\/22152"}],"up":[{"embeddable":true,"href":"https:\/\/padaste.ee\/et\/wp-json\/wp\/v2\/pages\/8578"}],"wp:featuredmedia":[{"embeddable":true,"href":"https:\/\/padaste.ee\/et\/wp-json\/wp\/v2\/media\/5673"}],"wp:attachment":[{"href":"https:\/\/padaste.ee\/et\/wp-json\/wp\/v2\/media?parent=8661"}],"curies":[{"name":"wp","href":"https:\/\/api.w.org\/{rel}","templated":true}]}}