{"id":15498,"date":"2019-11-14T12:00:07","date_gmt":"2019-11-14T10:00:07","guid":{"rendered":"http:\/\/www.padaste.ee\/?page_id=15498"},"modified":"2025-10-01T10:16:33","modified_gmt":"2025-10-01T10:16:33","slug":"juniper-club-nadalavahetused","status":"publish","type":"page","link":"https:\/\/padaste.ee\/et\/juniper-club\/juniper-club-nadalavahetused\/","title":{"rendered":"Juniper Club n\u00e4dalavahetused"},"content":{"rendered":"<h1 style=\"text-align: center;\"><span style=\"font-size: 24px;\"><span style=\"color: #c6a76a;\">Juniper Club\u00b4i <\/span><span style=\"color: #c6a76a;\">N\u00e4dalavahetused 2025<\/span><\/span><\/h1>\n<p>&nbsp;<\/p>\n<p><a href=\"http:\/\/www.padaste.ee\/wp-content\/uploads\/2021\/12\/269599113_658647832244763_5965804626396942892_n.jpg\"><img loading=\"lazy\" class=\"aligncenter wp-image-17770 size-large\" src=\"http:\/\/www.padaste.ee\/wp-content\/uploads\/2021\/12\/269599113_658647832244763_5965804626396942892_n-1024x1024.jpg\" alt=\"\" width=\"1024\" height=\"1024\" srcset=\"https:\/\/padaste.ee\/wp-content\/uploads\/2021\/12\/269599113_658647832244763_5965804626396942892_n-1024x1024.jpg 1024w, https:\/\/padaste.ee\/wp-content\/uploads\/2021\/12\/269599113_658647832244763_5965804626396942892_n-300x300.jpg 300w, https:\/\/padaste.ee\/wp-content\/uploads\/2021\/12\/269599113_658647832244763_5965804626396942892_n-150x150.jpg 150w, https:\/\/padaste.ee\/wp-content\/uploads\/2021\/12\/269599113_658647832244763_5965804626396942892_n-768x768.jpg 768w, https:\/\/padaste.ee\/wp-content\/uploads\/2021\/12\/269599113_658647832244763_5965804626396942892_n-1536x1536.jpg 1536w, https:\/\/padaste.ee\/wp-content\/uploads\/2021\/12\/269599113_658647832244763_5965804626396942892_n.jpg 2048w, https:\/\/padaste.ee\/wp-content\/uploads\/2021\/12\/269599113_658647832244763_5965804626396942892_n-24x24.jpg 24w, https:\/\/padaste.ee\/wp-content\/uploads\/2021\/12\/269599113_658647832244763_5965804626396942892_n-36x36.jpg 36w, https:\/\/padaste.ee\/wp-content\/uploads\/2021\/12\/269599113_658647832244763_5965804626396942892_n-48x48.jpg 48w\" sizes=\"(max-width: 1024px) 100vw, 1024px\" \/><\/a><\/p>\n<p>&nbsp;<\/p>\n<p><span style=\"text-decoration: underline;\">Juniper Club-le p\u00fchendatud n\u00e4dalavahetused on:<\/span><\/p>\n<p>&nbsp;<\/p>\n<ul>\n<li>25. aprill kuni 27. aprill<\/li>\n<li>1. mai kuni 31. mai<\/li>\n<li>9. juuni kuni 15. juuni<\/li>\n<\/ul>\n<p>&nbsp;<\/p>\n<p>Juniper Club pakkumine on piiratud saadavustega. Broneeringute ja k\u00fcsimuste korral palun meiega \u00fchendust v\u00f5tta e-mailil <span style=\"color: #966b44;\"><a class=\"zillennial-club-link\" style=\"color: #966b44;\" href=\"mailto:info@padaste.ee\">info@padaste.ee<\/a>&nbsp;<\/span>v\u00f5i helistades <a href=\"tel:+3724548800\"><span style=\"color: #966b44;\">+372 45 48 800<\/span><\/a>.<br \/>\n* Juniper Club pakkumine on piiratud saadavusega<\/p>\n<p>&nbsp;<\/p>\n<p><span style=\"color: #966b44;\"><strong><a class=\"zillennial-club-link\" style=\"color: #966b44;\" href=\"https:\/\/www.padaste.ee\/et\/juniper-club\/\">Tagasi<\/a>.<\/strong><\/span><\/p>\n<p>&nbsp;<\/p>\n<p>&nbsp;<\/p>\n<p><a href=\"http:\/\/padaste.ee\/wp-content\/uploads\/2025\/08\/jalus-kodulehe-lehtedele-2.jpg\"><img loading=\"lazy\" class=\"alignnone wp-image-24938 size-full\" src=\"http:\/\/padaste.ee\/wp-content\/uploads\/2025\/08\/jalus-kodulehe-lehtedele-2.jpg\" alt=\"\" width=\"964\" height=\"197\" srcset=\"https:\/\/padaste.ee\/wp-content\/uploads\/2025\/08\/jalus-kodulehe-lehtedele-2.jpg 964w, https:\/\/padaste.ee\/wp-content\/uploads\/2025\/08\/jalus-kodulehe-lehtedele-2-300x61.jpg 300w, https:\/\/padaste.ee\/wp-content\/uploads\/2025\/08\/jalus-kodulehe-lehtedele-2-768x157.jpg 768w, https:\/\/padaste.ee\/wp-content\/uploads\/2025\/08\/jalus-kodulehe-lehtedele-2-24x5.jpg 24w, https:\/\/padaste.ee\/wp-content\/uploads\/2025\/08\/jalus-kodulehe-lehtedele-2-36x7.jpg 36w, https:\/\/padaste.ee\/wp-content\/uploads\/2025\/08\/jalus-kodulehe-lehtedele-2-48x10.jpg 48w\" sizes=\"(max-width: 964px) 100vw, 964px\" \/><\/a><\/p>\n<hr \/>\n<p style=\"text-align: center;\"><span style=\"color: #ea2134; font-size: 14px;\"><strong>P\u00c4DASTE MANOR \u2013 A SMALL LUXURY <span style=\"color: #ea2134;\">RETREAT<\/span> &amp; SPA<\/strong> <\/span><br \/>\n<span style=\"font-size: 14px;\">P\u00e4daste M\u00f5is, Muhu Island, 94716 ESTONIA<br \/>\nT: +372 45 48 800 F: +372 45 48 811 <\/span><br \/>\n<span style=\"font-size: 14px; color: #966b44;\"><a class=\"zillennial-club-link\" style=\"color: #966b44;\" href=\"http:\/\/www.padaste.ee\/et\">www.padaste.ee<\/a> &nbsp;&nbsp;<a class=\"zillennial-club-link\" style=\"color: #966b44;\" href=\"mailto:info@padaste.ee\">info@padaste.ee<\/a><\/span><\/p>\n","protected":false},"excerpt":{"rendered":"<p>Juniper Club\u00b4i N\u00e4dalavahetused 2025 &nbsp; &nbsp; Juniper Club-le p\u00fchendatud n\u00e4dalavahetused on: &nbsp; 25. aprill kuni 27. aprill 1. mai kuni 31. mai 9. juuni kuni 15. juuni &nbsp; Juniper Club pakkumine on piiratud saadavustega. Broneeringute ja k\u00fcsimuste korral palun meiega \u00fchendust v\u00f5tta e-mailil info@padaste.ee&nbsp;v\u00f5i helistades +372 45 48 800. * Juniper Club pakkumine on piiratud [&hellip;]<\/p>\n","protected":false},"author":52,"featured_media":0,"parent":15304,"menu_order":0,"comment_status":"closed","ping_status":"closed","template":"other_template2.php","meta":{"ngg_post_thumbnail":0,"_links_to":"","_links_to_target":""},"yoast_head":"<!-- This site is optimized with the Yoast SEO plugin v16.1.1 - https:\/\/yoast.com\/wordpress\/plugins\/seo\/ -->\n<title>Juniper Club n\u00e4dalavahetused -<\/title>\n<link rel=\"canonical\" href=\"https:\/\/padaste.ee\/et\/juniper-club\/juniper-club-nadalavahetused\/\" \/>\n<meta property=\"og:locale\" content=\"et_EE\" \/>\n<meta property=\"og:type\" content=\"article\" \/>\n<meta property=\"og:title\" content=\"Juniper Club n\u00e4dalavahetused -\" \/>\n<meta property=\"og:description\" content=\"Juniper Club\u00b4i N\u00e4dalavahetused 2025 &nbsp; &nbsp; Juniper Club-le p\u00fchendatud n\u00e4dalavahetused on: &nbsp; 25. aprill kuni 27. aprill 1. mai kuni 31. mai 9. juuni kuni 15. juuni &nbsp; Juniper Club pakkumine on piiratud saadavustega. Broneeringute ja k\u00fcsimuste korral palun meiega \u00fchendust v\u00f5tta e-mailil info@padaste.ee&nbsp;v\u00f5i helistades +372 45 48 800. * Juniper Club pakkumine on piiratud [&hellip;]\" \/>\n<meta property=\"og:url\" content=\"https:\/\/padaste.ee\/et\/juniper-club\/juniper-club-nadalavahetused\/\" \/>\n<meta property=\"article:publisher\" content=\"https:\/\/www.facebook.com\/Padastemanor\/\" \/>\n<meta property=\"article:modified_time\" content=\"2025-10-01T10:16:33+00:00\" \/>\n<meta property=\"og:image\" content=\"http:\/\/www.padaste.ee\/wp-content\/uploads\/2021\/12\/269599113_658647832244763_5965804626396942892_n-1024x1024.jpg\" \/>\n<meta name=\"twitter:card\" content=\"summary_large_image\" \/>\n<meta name=\"twitter:label1\" content=\"Est. reading time\">\n\t<meta name=\"twitter:data1\" content=\"1 minut\">\n<script type=\"application\/ld+json\" class=\"yoast-schema-graph\">{\"@context\":\"https:\/\/schema.org\",\"@graph\":[{\"@type\":\"Organization\",\"@id\":\"https:\/\/www.padaste.ee\/#organization\",\"name\":\"P\\u00e4daste M\\u00f5is\",\"url\":\"https:\/\/www.padaste.ee\/\",\"sameAs\":[\"https:\/\/www.facebook.com\/Padastemanor\/\"],\"logo\":{\"@type\":\"ImageObject\",\"@id\":\"https:\/\/www.padaste.ee\/#logo\",\"inLanguage\":\"et\",\"url\":\"https:\/\/padaste.ee\/wp-content\/uploads\/2018\/12\/padaste_2011.jpg\",\"contentUrl\":\"https:\/\/padaste.ee\/wp-content\/uploads\/2018\/12\/padaste_2011.jpg\",\"width\":154,\"height\":61,\"caption\":\"P\\u00e4daste M\\u00f5is\"},\"image\":{\"@id\":\"https:\/\/www.padaste.ee\/#logo\"}},{\"@type\":\"WebSite\",\"@id\":\"https:\/\/www.padaste.ee\/#website\",\"url\":\"https:\/\/www.padaste.ee\/\",\"name\":\"\",\"description\":\"\",\"publisher\":{\"@id\":\"https:\/\/www.padaste.ee\/#organization\"},\"potentialAction\":[{\"@type\":\"SearchAction\",\"target\":\"https:\/\/www.padaste.ee\/?s={search_term_string}\",\"query-input\":\"required name=search_term_string\"}],\"inLanguage\":\"et\"},{\"@type\":\"ImageObject\",\"@id\":\"https:\/\/padaste.ee\/et\/juniper-club\/juniper-club-nadalavahetused\/#primaryimage\",\"inLanguage\":\"et\",\"url\":\"http:\/\/www.padaste.ee\/wp-content\/uploads\/2021\/12\/269599113_658647832244763_5965804626396942892_n-1024x1024.jpg\",\"contentUrl\":\"http:\/\/www.padaste.ee\/wp-content\/uploads\/2021\/12\/269599113_658647832244763_5965804626396942892_n-1024x1024.jpg\"},{\"@type\":\"WebPage\",\"@id\":\"https:\/\/padaste.ee\/et\/juniper-club\/juniper-club-nadalavahetused\/#webpage\",\"url\":\"https:\/\/padaste.ee\/et\/juniper-club\/juniper-club-nadalavahetused\/\",\"name\":\"Juniper Club n\\u00e4dalavahetused -\",\"isPartOf\":{\"@id\":\"https:\/\/www.padaste.ee\/#website\"},\"primaryImageOfPage\":{\"@id\":\"https:\/\/padaste.ee\/et\/juniper-club\/juniper-club-nadalavahetused\/#primaryimage\"},\"datePublished\":\"2019-11-14T10:00:07+00:00\",\"dateModified\":\"2025-10-01T10:16:33+00:00\",\"breadcrumb\":{\"@id\":\"https:\/\/padaste.ee\/et\/juniper-club\/juniper-club-nadalavahetused\/#breadcrumb\"},\"inLanguage\":\"et\",\"potentialAction\":[{\"@type\":\"ReadAction\",\"target\":[\"https:\/\/padaste.ee\/et\/juniper-club\/juniper-club-nadalavahetused\/\"]}]},{\"@type\":\"BreadcrumbList\",\"@id\":\"https:\/\/padaste.ee\/et\/juniper-club\/juniper-club-nadalavahetused\/#breadcrumb\",\"itemListElement\":[{\"@type\":\"ListItem\",\"position\":1,\"item\":{\"@type\":\"WebPage\",\"@id\":\"https:\/\/www.padaste.ee\/et\/\",\"url\":\"https:\/\/www.padaste.ee\/et\/\",\"name\":\"Home\"}},{\"@type\":\"ListItem\",\"position\":2,\"item\":{\"@type\":\"WebPage\",\"@id\":\"https:\/\/xn--pdaste-bua.ee\/et\/juniper-club\/\",\"url\":\"https:\/\/xn--pdaste-bua.ee\/et\/juniper-club\/\",\"name\":\"Juniper Club\"}},{\"@type\":\"ListItem\",\"position\":3,\"item\":{\"@type\":\"WebPage\",\"@id\":\"https:\/\/padaste.ee\/et\/juniper-club\/juniper-club-nadalavahetused\/\",\"url\":\"https:\/\/padaste.ee\/et\/juniper-club\/juniper-club-nadalavahetused\/\",\"name\":\"Juniper Club n\\u00e4dalavahetused\"}}]}]}<\/script>\n<!-- \/ Yoast SEO plugin. -->","_links":{"self":[{"href":"https:\/\/padaste.ee\/et\/wp-json\/wp\/v2\/pages\/15498"}],"collection":[{"href":"https:\/\/padaste.ee\/et\/wp-json\/wp\/v2\/pages"}],"about":[{"href":"https:\/\/padaste.ee\/et\/wp-json\/wp\/v2\/types\/page"}],"author":[{"embeddable":true,"href":"https:\/\/padaste.ee\/et\/wp-json\/wp\/v2\/users\/52"}],"replies":[{"embeddable":true,"href":"https:\/\/padaste.ee\/et\/wp-json\/wp\/v2\/comments?post=15498"}],"version-history":[{"count":25,"href":"https:\/\/padaste.ee\/et\/wp-json\/wp\/v2\/pages\/15498\/revisions"}],"predecessor-version":[{"id":25317,"href":"https:\/\/padaste.ee\/et\/wp-json\/wp\/v2\/pages\/15498\/revisions\/25317"}],"up":[{"embeddable":true,"href":"https:\/\/padaste.ee\/et\/wp-json\/wp\/v2\/pages\/15304"}],"wp:attachment":[{"href":"https:\/\/padaste.ee\/et\/wp-json\/wp\/v2\/media?parent=15498"}],"curies":[{"name":"wp","href":"https:\/\/api.w.org\/{rel}","templated":true}]}}