{"id":11978,"date":"2018-02-28T14:34:40","date_gmt":"2018-02-28T12:34:40","guid":{"rendered":"http:\/\/www.padaste.ee\/?page_id=11978"},"modified":"2025-10-10T10:59:14","modified_gmt":"2025-10-10T10:59:14","slug":"eripakkumise-detailid-vaimustav-spa","status":"publish","type":"page","link":"https:\/\/padaste.ee\/et\/eripakkumised\/vaimustav-spa\/eripakkumise-detailid-vaimustav-spa\/","title":{"rendered":"Eripakkumise Detailid &#8211; Vaimustav Spa"},"content":{"rendered":"<p><span style=\"color: #ff0000;\"><strong>Hinnastamine<\/strong><\/span><\/p>\n<p>&nbsp;<\/p>\n<table class=\"arrangement_specification_table\" style=\"width: 100%;\">\n<tbody>\n<tr>\n<td style=\"width: 38.701%;\">&nbsp;<\/td>\n<td style=\"text-align: center; width: 14.419%;\"><strong>K\u00f5rghooaeg<br \/>\nTuba Kahele<\/strong><\/td>\n<td style=\"text-align: center; width: 14.945%;\"><strong>K\u00f5rghooaeg<br \/>\nTuba \u00dchele<\/strong><\/td>\n<td style=\"text-align: center; width: 12.9905%;\"><strong>Madalhooaeg<br \/>\nTuba Kahele<\/strong><\/td>\n<td style=\"text-align: center; width: 17.1854%;\"><strong>Madalhooaeg<br \/>\nTuba \u00dchele<\/strong><\/td>\n<\/tr>\n<tr>\n<td style=\"width: 38.701%;\"><strong>Deluxe Double tuba H\u00e4rrastemajas<\/strong><\/td>\n<td style=\"text-align: center; width: 14.419%;\">2949 \u20ac<\/td>\n<td style=\"text-align: center; width: 14.945%;\">2019 \u20ac<\/td>\n<td style=\"text-align: center; width: 12.9905%;\">2299 \u20ac<\/td>\n<td style=\"text-align: center; width: 17.1854%;\">1379 \u20ac<\/td>\n<\/tr>\n<tr>\n<td style=\"width: 38.701%;\"><strong>Junior sviit T\u00f5llakuuris<\/strong><\/td>\n<td style=\"text-align: center; width: 14.419%;\">3139 \u20ac<\/td>\n<td style=\"text-align: center; width: 14.945%;\">2209 \u20ac<\/td>\n<td style=\"text-align: center; width: 12.9905%;\">2349 \u20ac<\/td>\n<td style=\"text-align: center; width: 17.1854%;\">1419 \u20ac<\/td>\n<\/tr>\n<tr>\n<td style=\"width: 38.701%;\"><strong>Superior Double tuba H\u00e4rrastemajas<\/strong><\/td>\n<td style=\"text-align: center; width: 14.419%;\">3369 \u20ac&nbsp;<\/td>\n<td style=\"text-align: center; width: 14.945%;\">2449 \u20ac<\/td>\n<td style=\"text-align: center; width: 12.9905%;\">2399 \u20ac<\/td>\n<td style=\"text-align: center; width: 17.1854%;\">1469 \u20ac<\/td>\n<\/tr>\n<tr>\n<td style=\"width: 38.701%;\"><strong>Grand sviit H\u00e4rrastemajas<\/strong><\/td>\n<td style=\"text-align: center; width: 14.419%;\">4699 \u20ac<\/td>\n<td style=\"text-align: center; width: 14.945%;\">3769 \u20ac<\/td>\n<td style=\"text-align: center; width: 12.9905%;\">3019 \u20ac<\/td>\n<td style=\"text-align: center; width: 17.1854%;\">2099 \u20ac<\/td>\n<\/tr>\n<\/tbody>\n<\/table>\n<p>&nbsp;<\/p>\n<p>&nbsp;<\/p>\n<p>Pakkumine ei kehti koos teiste eripakkumistega v\u00f5i gruppidele.<\/p>\n<p>&nbsp;<\/p>\n<p>Elamus, mida pakume P\u00e4daste SPA`s, p\u00f5hineb k\u00f5igi kuue meele harmoniseerimisel. Heaolu on t\u00e4iuslik kui k\u00f5ik meeled kogevad positiivset energiat, rahulolu ja l\u00f5\u00f5gastust. L\u00f5\u00f5gastavad heaolu protseduurid baseeruvad kohalikul \u2013ja sajanditevanusel Eesti ravimtaimede kasutamise traditsioonil. K\u00f5ik kasutatavad taimed on korjatud Muhu saare kaunist puutumata loodusest.<\/p>\n<p>&nbsp;<\/p>\n<p>Lisak\u00fcsimute korral ja broneerimiseks v\u00f5tke meiega \u00fchendust emailil <a href=\"mailto:info@padaste.ee\">info@padaste.ee<\/a>&nbsp;v\u00f5i helistage numbril +372 45 48 800<\/p>\n<p>&nbsp;<\/p>\n<p><strong><a href=\"http:\/\/www.padaste.ee\/et\/eripakkumised\/vaimustav-spa\/\">Tagasi<\/a><\/strong><\/p>\n","protected":false},"excerpt":{"rendered":"<p>Hinnastamine &nbsp; &nbsp; K\u00f5rghooaeg Tuba Kahele K\u00f5rghooaeg Tuba \u00dchele Madalhooaeg Tuba Kahele Madalhooaeg Tuba \u00dchele Deluxe Double tuba H\u00e4rrastemajas 2949 \u20ac 2019 \u20ac 2299 \u20ac 1379 \u20ac Junior sviit T\u00f5llakuuris 3139 \u20ac 2209 \u20ac 2349 \u20ac 1419 \u20ac Superior Double tuba H\u00e4rrastemajas 3369 \u20ac&nbsp; 2449 \u20ac 2399 \u20ac 1469 \u20ac Grand sviit H\u00e4rrastemajas 4699 \u20ac [&hellip;]<\/p>\n","protected":false},"author":52,"featured_media":11911,"parent":8967,"menu_order":0,"comment_status":"closed","ping_status":"closed","template":"","meta":{"ngg_post_thumbnail":0,"_links_to":"","_links_to_target":""},"yoast_head":"<!-- This site is optimized with the Yoast SEO plugin v16.1.1 - https:\/\/yoast.com\/wordpress\/plugins\/seo\/ -->\n<title>Eripakkumise Detailid - Vaimustav Spa -<\/title>\n<link rel=\"canonical\" href=\"https:\/\/padaste.ee\/et\/eripakkumised\/vaimustav-spa\/eripakkumise-detailid-vaimustav-spa\/\" \/>\n<meta property=\"og:locale\" content=\"et_EE\" \/>\n<meta property=\"og:type\" content=\"article\" \/>\n<meta property=\"og:title\" content=\"Eripakkumise Detailid - Vaimustav Spa -\" \/>\n<meta property=\"og:description\" content=\"Hinnastamine &nbsp; &nbsp; K\u00f5rghooaeg Tuba Kahele K\u00f5rghooaeg Tuba \u00dchele Madalhooaeg Tuba Kahele Madalhooaeg Tuba \u00dchele Deluxe Double tuba H\u00e4rrastemajas 2949 \u20ac 2019 \u20ac 2299 \u20ac 1379 \u20ac Junior sviit T\u00f5llakuuris 3139 \u20ac 2209 \u20ac 2349 \u20ac 1419 \u20ac Superior Double tuba H\u00e4rrastemajas 3369 \u20ac&nbsp; 2449 \u20ac 2399 \u20ac 1469 \u20ac Grand sviit H\u00e4rrastemajas 4699 \u20ac [&hellip;]\" \/>\n<meta property=\"og:url\" content=\"https:\/\/padaste.ee\/et\/eripakkumised\/vaimustav-spa\/eripakkumise-detailid-vaimustav-spa\/\" \/>\n<meta property=\"article:publisher\" content=\"https:\/\/www.facebook.com\/Padastemanor\/\" \/>\n<meta property=\"article:modified_time\" content=\"2025-10-10T10:59:14+00:00\" \/>\n<meta property=\"og:image\" content=\"https:\/\/padaste.ee\/wp-content\/uploads\/2018\/02\/5961006571-683x1024.jpg\" \/>\n\t<meta property=\"og:image:width\" content=\"683\" \/>\n\t<meta property=\"og:image:height\" content=\"1024\" \/>\n<meta name=\"twitter:card\" content=\"summary_large_image\" \/>\n<meta name=\"twitter:label1\" content=\"Est. reading time\">\n\t<meta name=\"twitter:data1\" content=\"1 minut\">\n<script type=\"application\/ld+json\" class=\"yoast-schema-graph\">{\"@context\":\"https:\/\/schema.org\",\"@graph\":[{\"@type\":\"Organization\",\"@id\":\"https:\/\/padaste.ee\/#organization\",\"name\":\"P\\u00e4daste M\\u00f5is\",\"url\":\"https:\/\/padaste.ee\/\",\"sameAs\":[\"https:\/\/www.facebook.com\/Padastemanor\/\"],\"logo\":{\"@type\":\"ImageObject\",\"@id\":\"https:\/\/padaste.ee\/#logo\",\"inLanguage\":\"et\",\"url\":\"https:\/\/padaste.ee\/wp-content\/uploads\/2018\/12\/padaste_2011.jpg\",\"contentUrl\":\"https:\/\/padaste.ee\/wp-content\/uploads\/2018\/12\/padaste_2011.jpg\",\"width\":154,\"height\":61,\"caption\":\"P\\u00e4daste M\\u00f5is\"},\"image\":{\"@id\":\"https:\/\/padaste.ee\/#logo\"}},{\"@type\":\"WebSite\",\"@id\":\"https:\/\/padaste.ee\/#website\",\"url\":\"https:\/\/padaste.ee\/\",\"name\":\"\",\"description\":\"\",\"publisher\":{\"@id\":\"https:\/\/padaste.ee\/#organization\"},\"potentialAction\":[{\"@type\":\"SearchAction\",\"target\":\"https:\/\/padaste.ee\/?s={search_term_string}\",\"query-input\":\"required name=search_term_string\"}],\"inLanguage\":\"et\"},{\"@type\":\"ImageObject\",\"@id\":\"https:\/\/padaste.ee\/et\/eripakkumised\/vaimustav-spa\/eripakkumise-detailid-vaimustav-spa\/#primaryimage\",\"inLanguage\":\"et\",\"url\":\"https:\/\/padaste.ee\/wp-content\/uploads\/2018\/02\/5961006571.jpg\",\"contentUrl\":\"https:\/\/padaste.ee\/wp-content\/uploads\/2018\/02\/5961006571.jpg\",\"width\":2533,\"height\":3800},{\"@type\":\"WebPage\",\"@id\":\"https:\/\/padaste.ee\/et\/eripakkumised\/vaimustav-spa\/eripakkumise-detailid-vaimustav-spa\/#webpage\",\"url\":\"https:\/\/padaste.ee\/et\/eripakkumised\/vaimustav-spa\/eripakkumise-detailid-vaimustav-spa\/\",\"name\":\"Eripakkumise Detailid - Vaimustav Spa -\",\"isPartOf\":{\"@id\":\"https:\/\/padaste.ee\/#website\"},\"primaryImageOfPage\":{\"@id\":\"https:\/\/padaste.ee\/et\/eripakkumised\/vaimustav-spa\/eripakkumise-detailid-vaimustav-spa\/#primaryimage\"},\"datePublished\":\"2018-02-28T12:34:40+00:00\",\"dateModified\":\"2025-10-10T10:59:14+00:00\",\"breadcrumb\":{\"@id\":\"https:\/\/padaste.ee\/et\/eripakkumised\/vaimustav-spa\/eripakkumise-detailid-vaimustav-spa\/#breadcrumb\"},\"inLanguage\":\"et\",\"potentialAction\":[{\"@type\":\"ReadAction\",\"target\":[\"https:\/\/padaste.ee\/et\/eripakkumised\/vaimustav-spa\/eripakkumise-detailid-vaimustav-spa\/\"]}]},{\"@type\":\"BreadcrumbList\",\"@id\":\"https:\/\/padaste.ee\/et\/eripakkumised\/vaimustav-spa\/eripakkumise-detailid-vaimustav-spa\/#breadcrumb\",\"itemListElement\":[{\"@type\":\"ListItem\",\"position\":1,\"item\":{\"@type\":\"WebPage\",\"@id\":\"https:\/\/xn--pdaste-bua.eu\/et\/\",\"url\":\"https:\/\/xn--pdaste-bua.eu\/et\/\",\"name\":\"Home\"}},{\"@type\":\"ListItem\",\"position\":2,\"item\":{\"@type\":\"WebPage\",\"@id\":\"https:\/\/padaste.ee\/et\/eripakkumised\/\",\"url\":\"https:\/\/padaste.ee\/et\/eripakkumised\/\",\"name\":\"Eripakkumised\"}},{\"@type\":\"ListItem\",\"position\":3,\"item\":{\"@type\":\"WebPage\",\"@id\":\"https:\/\/www.padaste.ee\/et\/eripakkumised\/vaimustav-spa\/\",\"url\":\"https:\/\/www.padaste.ee\/et\/eripakkumised\/vaimustav-spa\/\",\"name\":\"Vaimustav Spa\"}},{\"@type\":\"ListItem\",\"position\":4,\"item\":{\"@type\":\"WebPage\",\"@id\":\"https:\/\/padaste.ee\/et\/eripakkumised\/vaimustav-spa\/eripakkumise-detailid-vaimustav-spa\/\",\"url\":\"https:\/\/padaste.ee\/et\/eripakkumised\/vaimustav-spa\/eripakkumise-detailid-vaimustav-spa\/\",\"name\":\"Eripakkumise Detailid &#8211; Vaimustav Spa\"}}]}]}<\/script>\n<!-- \/ Yoast SEO plugin. -->","_links":{"self":[{"href":"https:\/\/padaste.ee\/et\/wp-json\/wp\/v2\/pages\/11978"}],"collection":[{"href":"https:\/\/padaste.ee\/et\/wp-json\/wp\/v2\/pages"}],"about":[{"href":"https:\/\/padaste.ee\/et\/wp-json\/wp\/v2\/types\/page"}],"author":[{"embeddable":true,"href":"https:\/\/padaste.ee\/et\/wp-json\/wp\/v2\/users\/52"}],"replies":[{"embeddable":true,"href":"https:\/\/padaste.ee\/et\/wp-json\/wp\/v2\/comments?post=11978"}],"version-history":[{"count":20,"href":"https:\/\/padaste.ee\/et\/wp-json\/wp\/v2\/pages\/11978\/revisions"}],"predecessor-version":[{"id":25490,"href":"https:\/\/padaste.ee\/et\/wp-json\/wp\/v2\/pages\/11978\/revisions\/25490"}],"up":[{"embeddable":true,"href":"https:\/\/padaste.ee\/et\/wp-json\/wp\/v2\/pages\/8967"}],"wp:featuredmedia":[{"embeddable":true,"href":"https:\/\/padaste.ee\/et\/wp-json\/wp\/v2\/media\/11911"}],"wp:attachment":[{"href":"https:\/\/padaste.ee\/et\/wp-json\/wp\/v2\/media?parent=11978"}],"curies":[{"name":"wp","href":"https:\/\/api.w.org\/{rel}","templated":true}]}}