{"id":11954,"date":"2018-02-28T11:54:14","date_gmt":"2018-02-28T09:54:14","guid":{"rendered":"http:\/\/www.padaste.ee\/?page_id=11954"},"modified":"2025-10-14T09:37:09","modified_gmt":"2025-10-14T09:37:09","slug":"paketi-detailid-avasta-muhu-ja-saaremaa","status":"publish","type":"page","link":"https:\/\/padaste.ee\/et\/paketid\/avasta-muhu-ja-saaremaa\/paketi-detailid-avasta-muhu-ja-saaremaa\/","title":{"rendered":"Paketi Detailid &#8211; Avasta Muhu- ja Saaremaa"},"content":{"rendered":"<p><span style=\"color: #ff0000;\"><strong>Hinnastamine<\/strong><\/span><\/p>\n<p>&nbsp;<\/p>\n<table class=\"arrangement_specification_table\" style=\"width: 100%;\">\n<tbody>\n<tr>\n<td style=\"width: 36.6712%;\">&nbsp;<\/td>\n<td style=\"text-align: center; width: 13.2611%;\"><strong>K\u00f5rghooaeg<br \/>\nTuba Kahele<\/strong><\/td>\n<td style=\"text-align: center; width: 17.5914%;\"><strong>K\u00f5rghooaeg<br \/>\nTuba \u00dchele<\/strong><\/td>\n<td style=\"text-align: center; width: 14.3437%;\"><strong>Madalhooaeg<br \/>\nTuba Kahele<\/strong><\/td>\n<td style=\"text-align: center; width: 16.3735%;\"><strong>Madalhooaeg<br \/>\nTuba \u00dchele<\/strong><\/td>\n<\/tr>\n<tr>\n<td style=\"width: 36.6712%;\"><strong>Deluxe Double tuba H\u00e4rrastemajas<\/strong><\/td>\n<td style=\"text-align: center; width: 13.2611%;\">2939 \u20ac<\/td>\n<td style=\"text-align: center; width: 17.5914%;\">2479 \u20ac<\/td>\n<td style=\"text-align: center; width: 14.3437%;\">2289 \u20ac<\/td>\n<td style=\"text-align: center; width: 16.3735%;\">1829 \u20ac<\/td>\n<\/tr>\n<tr>\n<td style=\"width: 36.6712%;\"><strong>Junior sviit T\u00f5llakuuris<\/strong><\/td>\n<td style=\"text-align: center; width: 13.2611%;\">3129 \u20ac<\/td>\n<td style=\"text-align: center; width: 17.5914%;\">2669 \u20ac<\/td>\n<td style=\"text-align: center; width: 14.3437%;\">2339 \u20ac<\/td>\n<td style=\"text-align: center; width: 16.3735%;\">1829 \u20ac<\/td>\n<\/tr>\n<tr>\n<td style=\"width: 36.6712%;\"><strong>Superior Double tuba H\u00e4rrastemajas<\/strong><\/td>\n<td style=\"text-align: center; width: 13.2611%;\">3359 \u20ac<\/td>\n<td style=\"text-align: center; width: 17.5914%;\">2899 \u20ac<\/td>\n<td style=\"text-align: center; width: 14.3437%;\">2389 \u20ac<\/td>\n<td style=\"text-align: center; width: 16.3735%;\">1929 \u20ac&nbsp;<\/td>\n<\/tr>\n<\/tbody>\n<\/table>\n<p>&nbsp;<\/p>\n<p>&nbsp;<\/p>\n<p><span style=\"color: #ff0000;\"><strong>Paketi detailid<\/strong><\/span><\/p>\n<p>&nbsp;<\/p>\n<table>\n<tbody>\n<tr>\n<td colspan=\"2\">&nbsp;<\/td>\n<\/tr>\n<tr>\n<td>P\u00e4ev 1:<\/td>\n<td>Pealel\u00f5unal saabumine P\u00e4daste M\u00f5isa. Kui olete end sisse seadnud, pakume teile tervituseks<br \/>\nklaasi vahuveini. \u00d5htul serveerime Teile Alexander restoranis neljak\u00e4igulise <em>Table d\u2019H\u00f4tel<\/em> men\u00fc\u00fc \u00f5htus\u00f6\u00f6gi.<\/td>\n<\/tr>\n<tr>\n<td>P\u00e4ev 2:<\/td>\n<td>Varajastel \u00e4rkajatel on v\u00f5imalus teha jalutusk\u00e4ik rannal, kus esimesed p\u00e4ikesekiired tungivad l\u00e4bi varahommikuse udu. Peale rikkalikku hommikus\u00f6\u00f6ki ootab teid p\u00e4eva t\u00e4is avastusi Muhu saarel! V\u00f5luvas Koguva kalurik\u00fclas on v\u00f5imalus k\u00fclastada Muhu muuseumi, sellest veidi eemal asub 13.sajandist p\u00e4rinev Muhu maalinn. 1227.aastal murti sealsamas eestlaste vastupanu saksa ristir\u00fc\u00fctlite vastu ja rahvas ristiti paavst Honorius III k\u00e4sul. Giid jutustab teile p\u00f5nevaid lugusid Muhu p\u00f5hjarannikul asuval \u00dc\u00fcgu pangast ning n\u00e4itab l\u00e4hedalasuvaid koopaid. N\u00e4ete 13. sajandil ehitatud kaunist P\u00fcha Katariina kirikut ja metsas\u00fcgavustesse peidetud endist n\u00f5ukogudeaegset tuumarakettide baasi. Enne m\u00f5isa naasmist saate k\u00fclastada eelajaloolist matmispaika, mis p\u00e4rast selle avastamist 100 aastat tagasi taas unustusteh\u00f5lma vajus ning on n\u00fc\u00fcdseks teada vaid kohalikele. Muhu saar on t\u00e4is v\u00e4ikeseid p\u00f5nevaid paikasid, teie giid on abiks nende leidmisel! L\u00f5unas\u00f6\u00f6giks j\u00f5uate tagasi P\u00e4dastesse.<\/td>\n<\/tr>\n<tr>\n<td>P\u00e4ev 3:<\/td>\n<td>Koos giidiga ootab ees s\u00f5it naabersaarele Saaremaale. T\u00e4psemalt on reisisihiks piiskopilinnusega kuulsust kogunud Kuressaare. 14. sajandist p\u00e4rinev vallikraavide ja pargiga \u00fcmbritsetud loss on Baltimaades ainus, mis on siiani tervena s\u00e4ilinud. Linnuses asuv ajaloomuuseum on k\u00fclastamist v\u00e4\u00e4rt.Nautige jalutusk\u00e4iku Kuressaare kesklinnas, k\u00fclastage v\u00e4ikest turgu ning puumajadega raamistatud t\u00e4navaid. Tagasiteel on v\u00f5imalus k\u00fclastada Kaali meteoriidikraatrit, millele legendid omistavad raviv\u00f5imeid. Kui aeg v\u00f5imaldab, k\u00fclastame tagsiteel ka P\u00f6ide kirikut. Selle paksud punastest tellistest seinad on tunnustus tolleaegsete aadlike v\u00f5imsusest. Siin toimus 15. sajandil esimene suurem eesti talupoegade \u00fclest\u00f5us \u2013 aadlikke hoiti n\u00e4dal aega pantvangis.<\/td>\n<\/tr>\n<tr>\n<td>P\u00e4ev 4:<\/td>\n<td>Soovi korral v\u00f5ite peale hommikus\u00f6\u00f6ki minna veel omap\u00e4i Muhu saart avastama.<br \/>\nToa palume vabastada keskp\u00e4eval.<\/td>\n<\/tr>\n<tr>\n<td colspan=\"2\">&nbsp;<\/td>\n<\/tr>\n<\/tbody>\n<\/table>\n<p>&nbsp;<\/p>\n<p>&nbsp;<\/p>\n<p>Broneerimiseks v\u00f5tke meiega \u00fchendust emailil&nbsp;<a href=\"mailto:info@padaste.ee\">info@padaste.ee<\/a>&nbsp;v\u00f5i helistage numbril +372 45 48 800<\/p>\n<p>&nbsp;<\/p>\n<p><strong><a href=\"http:\/\/www.padaste.ee\/et\/paketid\/avasta-muhu-ja-saaremaa\/\">Tagasi<\/a><\/strong><\/p>\n","protected":false},"excerpt":{"rendered":"<p>Hinnastamine &nbsp; &nbsp; K\u00f5rghooaeg Tuba Kahele K\u00f5rghooaeg Tuba \u00dchele Madalhooaeg Tuba Kahele Madalhooaeg Tuba \u00dchele Deluxe Double tuba H\u00e4rrastemajas 2939 \u20ac 2479 \u20ac 2289 \u20ac 1829 \u20ac Junior sviit T\u00f5llakuuris 3129 \u20ac 2669 \u20ac 2339 \u20ac 1829 \u20ac Superior Double tuba H\u00e4rrastemajas 3359 \u20ac 2899 \u20ac 2389 \u20ac 1929 \u20ac&nbsp; &nbsp; &nbsp; Paketi detailid &nbsp; [&hellip;]<\/p>\n","protected":false},"author":52,"featured_media":11893,"parent":8963,"menu_order":0,"comment_status":"closed","ping_status":"closed","template":"","meta":{"ngg_post_thumbnail":0,"_links_to":"","_links_to_target":""},"yoast_head":"<!-- This site is optimized with the Yoast SEO plugin v16.1.1 - https:\/\/yoast.com\/wordpress\/plugins\/seo\/ -->\n<title>Paketi Detailid - Avasta Muhu- ja Saaremaa -<\/title>\n<link rel=\"canonical\" href=\"https:\/\/padaste.ee\/et\/paketid\/avasta-muhu-ja-saaremaa\/paketi-detailid-avasta-muhu-ja-saaremaa\/\" \/>\n<meta property=\"og:locale\" content=\"et_EE\" \/>\n<meta property=\"og:type\" content=\"article\" \/>\n<meta property=\"og:title\" content=\"Paketi Detailid - Avasta Muhu- ja Saaremaa -\" \/>\n<meta property=\"og:description\" content=\"Hinnastamine &nbsp; &nbsp; K\u00f5rghooaeg Tuba Kahele K\u00f5rghooaeg Tuba \u00dchele Madalhooaeg Tuba Kahele Madalhooaeg Tuba \u00dchele Deluxe Double tuba H\u00e4rrastemajas 2939 \u20ac 2479 \u20ac 2289 \u20ac 1829 \u20ac Junior sviit T\u00f5llakuuris 3129 \u20ac 2669 \u20ac 2339 \u20ac 1829 \u20ac Superior Double tuba H\u00e4rrastemajas 3359 \u20ac 2899 \u20ac 2389 \u20ac 1929 \u20ac&nbsp; &nbsp; &nbsp; Paketi detailid &nbsp; [&hellip;]\" \/>\n<meta property=\"og:url\" content=\"https:\/\/padaste.ee\/et\/paketid\/avasta-muhu-ja-saaremaa\/paketi-detailid-avasta-muhu-ja-saaremaa\/\" \/>\n<meta property=\"article:publisher\" content=\"https:\/\/www.facebook.com\/Padastemanor\/\" \/>\n<meta property=\"article:modified_time\" content=\"2025-10-14T09:37:09+00:00\" \/>\n<meta property=\"og:image\" content=\"https:\/\/padaste.ee\/wp-content\/uploads\/2018\/02\/saaremaatuul04d2151-1024x681.jpg\" \/>\n\t<meta property=\"og:image:width\" content=\"1024\" \/>\n\t<meta property=\"og:image:height\" content=\"681\" \/>\n<meta name=\"twitter:card\" content=\"summary_large_image\" \/>\n<meta name=\"twitter:label1\" content=\"Est. reading time\">\n\t<meta name=\"twitter:data1\" content=\"2 minutit\">\n<script type=\"application\/ld+json\" class=\"yoast-schema-graph\">{\"@context\":\"https:\/\/schema.org\",\"@graph\":[{\"@type\":\"Organization\",\"@id\":\"https:\/\/www.padaste.ee\/#organization\",\"name\":\"P\\u00e4daste M\\u00f5is\",\"url\":\"https:\/\/www.padaste.ee\/\",\"sameAs\":[\"https:\/\/www.facebook.com\/Padastemanor\/\"],\"logo\":{\"@type\":\"ImageObject\",\"@id\":\"https:\/\/www.padaste.ee\/#logo\",\"inLanguage\":\"et\",\"url\":\"https:\/\/padaste.ee\/wp-content\/uploads\/2018\/12\/padaste_2011.jpg\",\"contentUrl\":\"https:\/\/padaste.ee\/wp-content\/uploads\/2018\/12\/padaste_2011.jpg\",\"width\":154,\"height\":61,\"caption\":\"P\\u00e4daste M\\u00f5is\"},\"image\":{\"@id\":\"https:\/\/www.padaste.ee\/#logo\"}},{\"@type\":\"WebSite\",\"@id\":\"https:\/\/www.padaste.ee\/#website\",\"url\":\"https:\/\/www.padaste.ee\/\",\"name\":\"\",\"description\":\"\",\"publisher\":{\"@id\":\"https:\/\/www.padaste.ee\/#organization\"},\"potentialAction\":[{\"@type\":\"SearchAction\",\"target\":\"https:\/\/www.padaste.ee\/?s={search_term_string}\",\"query-input\":\"required name=search_term_string\"}],\"inLanguage\":\"et\"},{\"@type\":\"ImageObject\",\"@id\":\"https:\/\/padaste.ee\/et\/paketid\/avasta-muhu-ja-saaremaa\/paketi-detailid-avasta-muhu-ja-saaremaa\/#primaryimage\",\"inLanguage\":\"et\",\"url\":\"https:\/\/padaste.ee\/wp-content\/uploads\/2018\/02\/saaremaatuul04d2151.jpg\",\"contentUrl\":\"https:\/\/padaste.ee\/wp-content\/uploads\/2018\/02\/saaremaatuul04d2151.jpg\",\"width\":4096,\"height\":2723},{\"@type\":\"WebPage\",\"@id\":\"https:\/\/padaste.ee\/et\/paketid\/avasta-muhu-ja-saaremaa\/paketi-detailid-avasta-muhu-ja-saaremaa\/#webpage\",\"url\":\"https:\/\/padaste.ee\/et\/paketid\/avasta-muhu-ja-saaremaa\/paketi-detailid-avasta-muhu-ja-saaremaa\/\",\"name\":\"Paketi Detailid - Avasta Muhu- ja Saaremaa -\",\"isPartOf\":{\"@id\":\"https:\/\/www.padaste.ee\/#website\"},\"primaryImageOfPage\":{\"@id\":\"https:\/\/padaste.ee\/et\/paketid\/avasta-muhu-ja-saaremaa\/paketi-detailid-avasta-muhu-ja-saaremaa\/#primaryimage\"},\"datePublished\":\"2018-02-28T09:54:14+00:00\",\"dateModified\":\"2025-10-14T09:37:09+00:00\",\"breadcrumb\":{\"@id\":\"https:\/\/padaste.ee\/et\/paketid\/avasta-muhu-ja-saaremaa\/paketi-detailid-avasta-muhu-ja-saaremaa\/#breadcrumb\"},\"inLanguage\":\"et\",\"potentialAction\":[{\"@type\":\"ReadAction\",\"target\":[\"https:\/\/padaste.ee\/et\/paketid\/avasta-muhu-ja-saaremaa\/paketi-detailid-avasta-muhu-ja-saaremaa\/\"]}]},{\"@type\":\"BreadcrumbList\",\"@id\":\"https:\/\/padaste.ee\/et\/paketid\/avasta-muhu-ja-saaremaa\/paketi-detailid-avasta-muhu-ja-saaremaa\/#breadcrumb\",\"itemListElement\":[{\"@type\":\"ListItem\",\"position\":1,\"item\":{\"@type\":\"WebPage\",\"@id\":\"https:\/\/www.padaste.ee\/et\/\",\"url\":\"https:\/\/www.padaste.ee\/et\/\",\"name\":\"Home\"}},{\"@type\":\"ListItem\",\"position\":2,\"item\":{\"@type\":\"WebPage\",\"@id\":\"https:\/\/www.padaste.ee\/et\/paketid\/\",\"url\":\"https:\/\/www.padaste.ee\/et\/paketid\/\",\"name\":\"Paketid\"}},{\"@type\":\"ListItem\",\"position\":3,\"item\":{\"@type\":\"WebPage\",\"@id\":\"https:\/\/padaste.ee\/et\/paketid\/avasta-muhu-ja-saaremaa\/\",\"url\":\"https:\/\/padaste.ee\/et\/paketid\/avasta-muhu-ja-saaremaa\/\",\"name\":\"Avasta Muhu- ja Saaremaa\"}},{\"@type\":\"ListItem\",\"position\":4,\"item\":{\"@type\":\"WebPage\",\"@id\":\"https:\/\/padaste.ee\/et\/paketid\/avasta-muhu-ja-saaremaa\/paketi-detailid-avasta-muhu-ja-saaremaa\/\",\"url\":\"https:\/\/padaste.ee\/et\/paketid\/avasta-muhu-ja-saaremaa\/paketi-detailid-avasta-muhu-ja-saaremaa\/\",\"name\":\"Paketi Detailid &#8211; Avasta Muhu- ja Saaremaa\"}}]}]}<\/script>\n<!-- \/ Yoast SEO plugin. -->","_links":{"self":[{"href":"https:\/\/padaste.ee\/et\/wp-json\/wp\/v2\/pages\/11954"}],"collection":[{"href":"https:\/\/padaste.ee\/et\/wp-json\/wp\/v2\/pages"}],"about":[{"href":"https:\/\/padaste.ee\/et\/wp-json\/wp\/v2\/types\/page"}],"author":[{"embeddable":true,"href":"https:\/\/padaste.ee\/et\/wp-json\/wp\/v2\/users\/52"}],"replies":[{"embeddable":true,"href":"https:\/\/padaste.ee\/et\/wp-json\/wp\/v2\/comments?post=11954"}],"version-history":[{"count":17,"href":"https:\/\/padaste.ee\/et\/wp-json\/wp\/v2\/pages\/11954\/revisions"}],"predecessor-version":[{"id":25525,"href":"https:\/\/padaste.ee\/et\/wp-json\/wp\/v2\/pages\/11954\/revisions\/25525"}],"up":[{"embeddable":true,"href":"https:\/\/padaste.ee\/et\/wp-json\/wp\/v2\/pages\/8963"}],"wp:featuredmedia":[{"embeddable":true,"href":"https:\/\/padaste.ee\/et\/wp-json\/wp\/v2\/media\/11893"}],"wp:attachment":[{"href":"https:\/\/padaste.ee\/et\/wp-json\/wp\/v2\/media?parent=11954"}],"curies":[{"name":"wp","href":"https:\/\/api.w.org\/{rel}","templated":true}]}}